{"id":1991,"date":"2025-10-08T08:40:08","date_gmt":"2025-10-08T06:40:08","guid":{"rendered":"https:\/\/keturist.sk\/lokalne\/?post_type=product&#038;p=1991"},"modified":"2025-10-08T08:56:03","modified_gmt":"2025-10-08T06:56:03","slug":"hajske-hrnciarstvo","status":"publish","type":"product","link":"https:\/\/keturist.sk\/lokalne\/produkt\/hajske-hrnciarstvo\/","title":{"rendered":"H\u00e1jske hrn\u010diarstvo"},"content":{"rendered":"<h2><span style=\"color: #800000;\">Kde sa nach\u00e1dza H\u00e1jske hrn\u010diarstvo a \u010do tu n\u00e1jdete?<\/span><\/h2>\n<h3><span style=\"color: #808000;\">Ako sa dosta\u0165 do tohto jedine\u010dn\u00e9ho hrn\u010diarskeho \u0161t\u00fadia?<\/span><\/h3>\n<p class=\"ds-markdown-paragraph\"><strong>H\u00e1jske hrn\u010diarstvo<\/strong>\u00a0sa nach\u00e1dza v malebnej obci H\u00e1j, konkr\u00e9tne v zadnej \u010dasti domu \u010d. 88. T\u00e1to p\u00f4vabn\u00e1 dedina s iba 350 obyvate\u013emi le\u017e\u00ed na \u00fap\u00e4t\u00ed\u00a0<strong>Slovensk\u00e9ho krasu<\/strong>, presne medzi Z\u00e1dielskou a Jasovskou planinou. Ak h\u013ead\u00e1te\u00a0<strong>autentick\u00e9 slovensk\u00e9 remeslo<\/strong>\u00a0v n\u00e1dhernom pr\u00edrodnom prostred\u00ed, ste na spr\u00e1vnom mieste.<\/p>\n<figure id=\"attachment_1992\" aria-describedby=\"caption-attachment-1992\" style=\"width: 800px\" class=\"wp-caption aligncenter\"><a href=\"https:\/\/keturist.sk\/lokalne\/wp-content\/uploads\/2025\/10\/hajske-hrnciarstvo-2.jpg\"><img loading=\"lazy\" decoding=\"async\" class=\"wp-image-1992\" src=\"https:\/\/keturist.sk\/lokalne\/wp-content\/uploads\/2025\/10\/hajske-hrnciarstvo-2-300x200.jpg\" alt=\"H\u00e1jske hrn\u010diarstvo\" width=\"800\" height=\"533\" srcset=\"https:\/\/keturist.sk\/lokalne\/wp-content\/uploads\/2025\/10\/hajske-hrnciarstvo-2-300x200.jpg 300w, https:\/\/keturist.sk\/lokalne\/wp-content\/uploads\/2025\/10\/hajske-hrnciarstvo-2-768x512.jpg 768w, https:\/\/keturist.sk\/lokalne\/wp-content\/uploads\/2025\/10\/hajske-hrnciarstvo-2-400x267.jpg 400w, https:\/\/keturist.sk\/lokalne\/wp-content\/uploads\/2025\/10\/hajske-hrnciarstvo-2.jpg 960w\" sizes=\"auto, (max-width: 800px) 100vw, 800px\" \/><\/a><figcaption id=\"caption-attachment-1992\" class=\"wp-caption-text\">H\u00e1jske hrn\u010diarstvo<\/figcaption><\/figure>\n<h3><span style=\"color: #808000;\">\u010co rob\u00ed toto hrn\u010diarstvo v\u00fdnimo\u010dn\u00fdm?<\/span><\/h3>\n<p class=\"ds-markdown-paragraph\">Majsterkou tohto jedine\u010dn\u00e9ho hrn\u010diarskeho \u0161t\u00fadia je\u00a0<strong>Am\u00e1lia Hol\u00edkov\u00e1<\/strong>, ktor\u00e1 sa venuje v\u00fdrobe\u00a0<strong>ru\u010dne to\u010denej keramiky<\/strong>\u00a0u\u017e viac ako 10 rokov. Jej \u0161pecialitou je\u00a0<strong>\u00fa\u017eitkov\u00e1 keramika to\u010den\u00e1 na hrn\u010diarskom kruhu<\/strong>, ktor\u00e1 prech\u00e1dza dvojit\u00fdm v\u00fdpalom v elektrickej peci a starostliv\u00fdm glaz\u00farovan\u00edm.<\/p>\n<h2><span style=\"color: #800000;\">Ak\u00e9 technol\u00f3gie a \u0161peci\u00e1lne v\u00fdpaly tu pou\u017e\u00edvaj\u00fa?<\/span><\/h2>\n<h3><span style=\"color: #808000;\">\u010co je to keltsk\u00e1 pec a pre\u010do je \u0161peci\u00e1lna?<\/span><\/h3>\n<p class=\"ds-markdown-paragraph\">Jednou z najv\u00e4\u010d\u0161\u00edch zauj\u00edmavost\u00ed tohto hrn\u010diarskeho \u0161t\u00fadia je\u00a0<strong>autentick\u00e1 keltsk\u00e1 pec<\/strong>\u00a0postaven\u00e1 v lete 2014. T\u00e1to \u0161peci\u00e1lna pec na vypa\u013eovanie drevom umo\u017e\u0148uje tvorbu\u00a0<strong>verne autentick\u00fdch repl\u00edk pravekej keramiky<\/strong>. Na jar 2015 pribudla aj\u00a0<strong>vysoko\u017eiarov\u00e1 pec<\/strong>\u00a0tie\u017e na v\u00fdpal keramiky drevom, \u010d\u00edm sa roz\u0161\u00edrili technologick\u00e9 mo\u017enosti.<\/p>\n<h3><span style=\"color: #808000;\">Ak\u00e9 materi\u00e1ly tu pou\u017e\u00edvaj\u00fa a pre\u010do je ka\u017ed\u00fd kus jedine\u010dn\u00fd?<\/span><\/h3>\n<p class=\"ds-markdown-paragraph\">V H\u00e1jskom hrn\u010diarstve pracuj\u00fa s viacer\u00fdmi druhmi hl\u00edn, vr\u00e1tane\u00a0<strong>vlastnoru\u010dne nakopanej hliny<\/strong>\u00a0z lok\u00e1lnych zdrojov. Teplota v\u00fdpalu sa pohybuje od 1100 do 1250 stup\u0148ov, \u010do zabezpe\u010duje v\u00fdnimo\u010dn\u00fa kvalitu a trvanlivos\u0165 ka\u017ed\u00e9ho kusu. V\u0161etky mot\u00edvy a tvary s\u00fa\u00a0<strong>exkluz\u00edvnym dielom pani Hol\u00edkovej<\/strong>.<\/p>\n<h2><span style=\"color: #800000;\">Ak\u00e9 slu\u017eby a z\u00e1\u017eitky tu m\u00f4\u017eete za\u017ei\u0165?<\/span><\/h2>\n<h3><span style=\"color: #808000;\">M\u00f4\u017eem si necha\u0165 vyrobi\u0165 keramiku na mieru?<\/span><\/h3>\n<p class=\"ds-markdown-paragraph\">\u00c1no!\u00a0<strong>H\u00e1jske hrn\u010diarstvo<\/strong>\u00a0pon\u00faka v\u00fdrobu keramiky na objedn\u00e1vku pod\u013ea priania z\u00e1kazn\u00edka. M\u00f4\u017eete si necha\u0165 vyrobi\u0165 kusy s vlastn\u00fdm logom, n\u00e1pisom alebo \u0161peci\u00e1lnym dizajnom. Okrem toho sa tu venuj\u00fa tvorbe\u00a0<strong>verne presn\u00fdch repl\u00edk pravekej keramiky<\/strong>.<\/p>\n<h3><span style=\"color: #808000;\">Pon\u00fakaj\u00fa aj workshopy pre verejnos\u0165?<\/span><\/h3>\n<p class=\"ds-markdown-paragraph\">\u00c1no, s\u00fa\u010das\u0165ou ponuky s\u00fa\u00a0<strong>tvoriv\u00e9 dielne pre verejnos\u0165<\/strong>\u00a0a lektorsk\u00e1 \u010dinnos\u0165. M\u00f4\u017eete sa tak priamo z\u00fa\u010dastni\u0165 na tvorbe keramiky a nau\u010di\u0165 sa z\u00e1klady tohto starod\u00e1vneho remesla.<\/p>\n<h2><span style=\"color: #800000;\">Ako sa m\u00f4\u017eem objedna\u0165 na n\u00e1v\u0161tevu?<\/span><\/h2>\n<h3><span style=\"color: #808000;\">Je potrebn\u00e1 rezerv\u00e1cia vopred?<\/span><\/h3>\n<p class=\"ds-markdown-paragraph\"><strong>\u00c1no, ak\u00fako\u013evek n\u00e1v\u0161tevu je nutn\u00e9 dohodn\u00fa\u0165 vopred<\/strong>\u00a0telefonicky alebo e-mailom. Toto opatrenie zabezpe\u010d\u00ed, \u017ee sa v\u00e1m pani Hol\u00edkov\u00e1 bude m\u00f4c\u0165 venova\u0165 naplno a poskytne v\u00e1m ten najlep\u0161\u00ed z\u00e1\u017eitok.<\/p>\n<h3 class=\"ds-markdown-paragraph\"><span style=\"color: #808000;\">Kontaktn\u00e9 \u00fadaje:<\/span><\/h3>\n<ul>\n<li>\n<p class=\"ds-markdown-paragraph\"><strong>Adresa:<\/strong>\u00a0H\u00e1j \u010d. 88<\/p>\n<\/li>\n<li>\n<p class=\"ds-markdown-paragraph\"><strong>Telef\u00f3n:<\/strong>\u00a00904 549 796<\/p>\n<\/li>\n<li>\n<p class=\"ds-markdown-paragraph\"><strong>Web:<\/strong>\u00a0<a href=\"https:\/\/www.hrnciarstvo.webnode.sk\/\" target=\"_blank\" rel=\"noopener noreferrer nofollow\">www.hrnciarstvo.webnode.sk<\/a><\/p>\n<\/li>\n<li>\n<p class=\"ds-markdown-paragraph\"><strong>E-mail:<\/strong>\u00a0<a href=\"https:\/\/mailto:hrnciarstvo@gmail.com\/\" target=\"_blank\" rel=\"noopener noreferrer nofollow\">hrnciarstvo@gmail.com<\/a><\/p>\n<\/li>\n<\/ul>\n<p class=\"ds-markdown-paragraph\">Nav\u0161t\u00edvte\u00a0<strong>H\u00e1jske hrn\u010diarstvo<\/strong>\u00a0a za\u017eite k\u00fasok \u017eiv\u00e9ho slovensk\u00e9ho dedi\u010dstva. Objavte kr\u00e1su ru\u010dne vyr\u00e1banej keramiky v srdci n\u00e1dhernej pr\u00edrody <a href=\"https:\/\/www.slovensky-kras.eu\/info\/vseobecne-informacie\/\" target=\"_blank\" rel=\"noopener nofollow\">Slovensk\u00e9ho krasu<\/a>!<\/p>\n<hr \/>\n<h2><span style=\"color: #800000;\">Fotogal\u00e9ria<\/span><\/h2>\n<style type=\"text\/css\">\n#foogallery-gallery-1996 .fg-image { width: 900px; }<\/style>\n\t\t\t<div class=\"foogallery foogallery-container foogallery-image-viewer foogallery-link-image foogallery-lightbox-foogallery fg-center fg-image-viewer fg-ready fg-light fg-border-thin fg-shadow-outline fg-loading-default fg-loaded-fade-in fg-caption-hover fg-hover-fade fg-hover-zoom\" id=\"foogallery-gallery-1996\" data-foogallery=\"{&quot;item&quot;:{&quot;showCaptionTitle&quot;:true,&quot;showCaptionDescription&quot;:true},&quot;lazy&quot;:true,&quot;template&quot;:{&quot;loop&quot;:true}}\" data-foogallery-lightbox=\"{&quot;thumbs&quot;:&quot;bottom&quot;,&quot;thumbsCaptions&quot;:false,&quot;thumbsBestFit&quot;:false,&quot;thumbsSmall&quot;:false,&quot;thumbsCaptionsAlign&quot;:&quot;default&quot;,&quot;info&quot;:&quot;bottom&quot;,&quot;infoVisible&quot;:true,&quot;infoOverlay&quot;:true,&quot;infoAlign&quot;:&quot;default&quot;,&quot;transition&quot;:&quot;fade&quot;,&quot;hoverButtons&quot;:false,&quot;fitMedia&quot;:false,&quot;noScrollbars&quot;:true,&quot;preserveButtonSpace&quot;:true,&quot;buttons&quot;:{&quot;fullscreen&quot;:true,&quot;info&quot;:true,&quot;thumbs&quot;:false},&quot;video&quot;:{&quot;autoPlay&quot;:true}}\" style=\"--fg-title-line-clamp: 0; --fg-description-line-clamp: 0;\" >\n\t<div class=\"fiv-inner\">\n\t\t<div class=\"fiv-inner-container\">\n\t\t\t<div class=\"fg-item fg-type-image fg-idle\"><figure class=\"fg-item-inner\"><a href=\"https:\/\/keturist.sk\/lokalne\/wp-content\/uploads\/2025\/10\/hajske-hrnciarstvo2.jpg\" data-attachment-id=\"1997\" data-type=\"image\" class=\"fg-thumb\"><span class=\"fg-image-wrap\"><img fetchpriority=\"high\" decoding=\"async\" width=\"900\" height=\"625\" class=\"skip-lazy fg-image\" data-src-fg=\"https:\/\/keturist.sk\/lokalne\/wp-content\/uploads\/cache\/2025\/10\/hajske-hrnciarstvo2\/4173649257.jpg\" src=\"data:image\/svg+xml,%3Csvg%20xmlns%3D%22http%3A%2F%2Fwww.w3.org%2F2000%2Fsvg%22%20width%3D%22900%22%20height%3D%22625%22%20viewBox%3D%220%200%20900%20625%22%3E%3C%2Fsvg%3E\" loading=\"eager\"><\/span><span class=\"fg-image-overlay\"><\/span><\/a><\/figure><div class=\"fg-loader\"><\/div><\/div><div class=\"fg-item fg-type-image fg-idle\"><figure class=\"fg-item-inner\"><a href=\"https:\/\/keturist.sk\/lokalne\/wp-content\/uploads\/2025\/10\/hajske-hrnciarstvo3.jpg\" data-attachment-id=\"1998\" data-type=\"image\" class=\"fg-thumb\"><span class=\"fg-image-wrap\"><img decoding=\"async\" width=\"900\" height=\"625\" class=\"skip-lazy fg-image\" data-src-fg=\"https:\/\/keturist.sk\/lokalne\/wp-content\/uploads\/cache\/2025\/10\/hajske-hrnciarstvo3\/621937060.jpg\" src=\"data:image\/svg+xml,%3Csvg%20xmlns%3D%22http%3A%2F%2Fwww.w3.org%2F2000%2Fsvg%22%20width%3D%22900%22%20height%3D%22625%22%20viewBox%3D%220%200%20900%20625%22%3E%3C%2Fsvg%3E\" loading=\"eager\"><\/span><span class=\"fg-image-overlay\"><\/span><\/a><\/figure><div class=\"fg-loader\"><\/div><\/div><div class=\"fg-item fg-type-image fg-idle\"><figure class=\"fg-item-inner\"><a href=\"https:\/\/keturist.sk\/lokalne\/wp-content\/uploads\/2025\/10\/hajske-hrnciarstvo4.jpg\" data-attachment-id=\"1999\" data-type=\"image\" class=\"fg-thumb\"><span class=\"fg-image-wrap\"><img decoding=\"async\" width=\"900\" height=\"625\" class=\"skip-lazy fg-image\" data-src-fg=\"https:\/\/keturist.sk\/lokalne\/wp-content\/uploads\/cache\/2025\/10\/hajske-hrnciarstvo4\/1711257086.jpg\" src=\"data:image\/svg+xml,%3Csvg%20xmlns%3D%22http%3A%2F%2Fwww.w3.org%2F2000%2Fsvg%22%20width%3D%22900%22%20height%3D%22625%22%20viewBox%3D%220%200%20900%20625%22%3E%3C%2Fsvg%3E\" loading=\"eager\"><\/span><span class=\"fg-image-overlay\"><\/span><\/a><\/figure><div class=\"fg-loader\"><\/div><\/div><div class=\"fg-item fg-type-image fg-idle\"><figure class=\"fg-item-inner\"><a href=\"https:\/\/keturist.sk\/lokalne\/wp-content\/uploads\/2025\/10\/misky-sliepky.jpg\" data-attachment-id=\"2000\" data-type=\"image\" class=\"fg-thumb\"><span class=\"fg-image-wrap\"><img decoding=\"async\" width=\"900\" height=\"625\" class=\"skip-lazy fg-image\" data-src-fg=\"https:\/\/keturist.sk\/lokalne\/wp-content\/uploads\/cache\/2025\/10\/misky-sliepky\/1190846678.jpg\" src=\"data:image\/svg+xml,%3Csvg%20xmlns%3D%22http%3A%2F%2Fwww.w3.org%2F2000%2Fsvg%22%20width%3D%22900%22%20height%3D%22625%22%20viewBox%3D%220%200%20900%20625%22%3E%3C%2Fsvg%3E\" loading=\"eager\"><\/span><span class=\"fg-image-overlay\"><\/span><\/a><\/figure><div class=\"fg-loader\"><\/div><\/div><div class=\"fg-item fg-type-image fg-idle\"><figure class=\"fg-item-inner\"><a href=\"https:\/\/keturist.sk\/lokalne\/wp-content\/uploads\/2025\/10\/hajske-hrnciarstvo-2.jpg\" data-attachment-id=\"1992\" data-type=\"image\" class=\"fg-thumb\"><span class=\"fg-image-wrap\"><img decoding=\"async\" alt=\"H\u00e1jske hrn\u010diarstvo\" width=\"900\" height=\"625\" class=\"skip-lazy fg-image\" data-src-fg=\"https:\/\/keturist.sk\/lokalne\/wp-content\/uploads\/cache\/2025\/10\/hajske-hrnciarstvo-2\/4204493963.jpg\" src=\"data:image\/svg+xml,%3Csvg%20xmlns%3D%22http%3A%2F%2Fwww.w3.org%2F2000%2Fsvg%22%20width%3D%22900%22%20height%3D%22625%22%20viewBox%3D%220%200%20900%20625%22%3E%3C%2Fsvg%3E\" loading=\"eager\"><\/span><span class=\"fg-image-overlay\"><\/span><\/a><\/figure><div class=\"fg-loader\"><\/div><\/div>\t\t<\/div>\n\t\t<div class=\"fiv-ctrls\">\n\t\t\t<div class=\"fiv-prev\"><span>Prev<\/span><\/div>\n\t\t\t<label class=\"fiv-count\"><span class=\"fiv-count-current\">1<\/span>of<span class=\"fiv-count-total\">5<\/span><\/label>\n\t\t\t<div class=\"fiv-next\"><span>Next<\/span><\/div>\n\t\t<\/div>\n\t<\/div>\n<\/div>\n","protected":false},"excerpt":{"rendered":"<p>Kde sa nach\u00e1dza H\u00e1jske hrn\u010diarstvo a \u010do tu n\u00e1jdete? Ako sa dosta\u0165 do tohto jedine\u010dn\u00e9ho hrn\u010diarskeho \u0161t\u00fadia? H\u00e1jske hrn\u010diarstvo\u00a0sa nach\u00e1dza v malebnej obci H\u00e1j, konkr\u00e9tne v zadnej \u010dasti domu \u010d. [&hellip;]<\/p>\n","protected":false},"featured_media":1992,"template":"","meta":{"om_disable_all_campaigns":false,"_uag_custom_page_level_css":"","_monsterinsights_skip_tracking":false,"_monsterinsights_sitenote_active":false,"_monsterinsights_sitenote_note":"","_monsterinsights_sitenote_category":0,"_links_to":"","_links_to_target":""},"product_brand":[],"product_cat":[114,19],"product_tag":[],"class_list":{"0":"post-1991","1":"product","2":"type-product","3":"status-publish","4":"has-post-thumbnail","6":"product_cat-keramika","7":"product_cat-rucne-robene","9":"first","10":"instock","11":"shipping-taxable","12":"product-type-simple"},"magazineBlocksPostFeaturedMedia":{"thumbnail":"https:\/\/keturist.sk\/lokalne\/wp-content\/uploads\/2025\/10\/hajske-hrnciarstvo-2-150x150.jpg","medium":"https:\/\/keturist.sk\/lokalne\/wp-content\/uploads\/2025\/10\/hajske-hrnciarstvo-2-300x200.jpg","medium_large":"https:\/\/keturist.sk\/lokalne\/wp-content\/uploads\/2025\/10\/hajske-hrnciarstvo-2-768x512.jpg","large":"https:\/\/keturist.sk\/lokalne\/wp-content\/uploads\/2025\/10\/hajske-hrnciarstvo-2.jpg","1536x1536":"https:\/\/keturist.sk\/lokalne\/wp-content\/uploads\/2025\/10\/hajske-hrnciarstvo-2.jpg","2048x2048":"https:\/\/keturist.sk\/lokalne\/wp-content\/uploads\/2025\/10\/hajske-hrnciarstvo-2.jpg","woocommerce_thumbnail":"https:\/\/keturist.sk\/lokalne\/wp-content\/uploads\/2025\/10\/hajske-hrnciarstvo-2-400x400.jpg","woocommerce_single":"https:\/\/keturist.sk\/lokalne\/wp-content\/uploads\/2025\/10\/hajske-hrnciarstvo-2-400x267.jpg","woocommerce_gallery_thumbnail":"https:\/\/keturist.sk\/lokalne\/wp-content\/uploads\/2025\/10\/hajske-hrnciarstvo-2-100x100.jpg"},"magazineBlocksPostAuthor":{"name":"admin","avatar":"https:\/\/secure.gravatar.com\/avatar\/?s=96&d=mm&r=g"},"magazineBlocksPostCommentsNumber":false,"magazineBlocksPostExcerpt":"Kde sa nach\u00e1dza H\u00e1jske hrn\u010diarstvo a \u010do tu n\u00e1jdete? Ako sa dosta\u0165 do tohto jedine\u010dn\u00e9ho hrn\u010diarskeho \u0161t\u00fadia? H\u00e1jske hrn\u010diarstvo\u00a0sa nach\u00e1dza v malebnej obci H\u00e1j, konkr\u00e9tne v zadnej \u010dasti domu \u010d. [&hellip;]","magazineBlocksPostCategories":[],"magazineBlocksPostViewCount":220,"magazineBlocksPostReadTime":3,"uagb_featured_image_src":{"full":["https:\/\/keturist.sk\/lokalne\/wp-content\/uploads\/2025\/10\/hajske-hrnciarstvo-2.jpg",960,640,false],"thumbnail":["https:\/\/keturist.sk\/lokalne\/wp-content\/uploads\/2025\/10\/hajske-hrnciarstvo-2-150x150.jpg",150,150,true],"medium":["https:\/\/keturist.sk\/lokalne\/wp-content\/uploads\/2025\/10\/hajske-hrnciarstvo-2-300x200.jpg",300,200,true],"medium_large":["https:\/\/keturist.sk\/lokalne\/wp-content\/uploads\/2025\/10\/hajske-hrnciarstvo-2-768x512.jpg",768,512,true],"large":["https:\/\/keturist.sk\/lokalne\/wp-content\/uploads\/2025\/10\/hajske-hrnciarstvo-2.jpg",960,640,false],"1536x1536":["https:\/\/keturist.sk\/lokalne\/wp-content\/uploads\/2025\/10\/hajske-hrnciarstvo-2.jpg",960,640,false],"2048x2048":["https:\/\/keturist.sk\/lokalne\/wp-content\/uploads\/2025\/10\/hajske-hrnciarstvo-2.jpg",960,640,false],"woocommerce_thumbnail":["https:\/\/keturist.sk\/lokalne\/wp-content\/uploads\/2025\/10\/hajske-hrnciarstvo-2-400x400.jpg",400,400,true],"woocommerce_single":["https:\/\/keturist.sk\/lokalne\/wp-content\/uploads\/2025\/10\/hajske-hrnciarstvo-2-400x267.jpg",400,267,true],"woocommerce_gallery_thumbnail":["https:\/\/keturist.sk\/lokalne\/wp-content\/uploads\/2025\/10\/hajske-hrnciarstvo-2-100x100.jpg",100,100,true]},"uagb_author_info":{"display_name":"admin","author_link":"https:\/\/keturist.sk\/lokalne\/author\/"},"uagb_comment_info":0,"uagb_excerpt":"Kde sa nach\u00e1dza H\u00e1jske hrn\u010diarstvo a \u010do tu n\u00e1jdete? Ako sa dosta\u0165 do tohto jedine\u010dn\u00e9ho hrn\u010diarskeho \u0161t\u00fadia? H\u00e1jske hrn\u010diarstvo\u00a0sa nach\u00e1dza v malebnej obci H\u00e1j, konkr\u00e9tne v zadnej \u010dasti domu \u010d. [&hellip;]","_links":{"self":[{"href":"https:\/\/keturist.sk\/lokalne\/wp-json\/wp\/v2\/product\/1991","targetHints":{"allow":["GET"]}}],"collection":[{"href":"https:\/\/keturist.sk\/lokalne\/wp-json\/wp\/v2\/product"}],"about":[{"href":"https:\/\/keturist.sk\/lokalne\/wp-json\/wp\/v2\/types\/product"}],"wp:featuredmedia":[{"embeddable":true,"href":"https:\/\/keturist.sk\/lokalne\/wp-json\/wp\/v2\/media\/1992"}],"wp:attachment":[{"href":"https:\/\/keturist.sk\/lokalne\/wp-json\/wp\/v2\/media?parent=1991"}],"wp:term":[{"taxonomy":"product_brand","embeddable":true,"href":"https:\/\/keturist.sk\/lokalne\/wp-json\/wp\/v2\/product_brand?post=1991"},{"taxonomy":"product_cat","embeddable":true,"href":"https:\/\/keturist.sk\/lokalne\/wp-json\/wp\/v2\/product_cat?post=1991"},{"taxonomy":"product_tag","embeddable":true,"href":"https:\/\/keturist.sk\/lokalne\/wp-json\/wp\/v2\/product_tag?post=1991"}],"curies":[{"name":"wp","href":"https:\/\/api.w.org\/{rel}","templated":true}]}}