{"id":1703,"date":"2024-11-17T13:47:57","date_gmt":"2024-11-17T12:47:57","guid":{"rendered":"https:\/\/keturist.sk\/lokalne\/?post_type=product&#038;p=1703"},"modified":"2024-11-17T13:47:57","modified_gmt":"2024-11-17T12:47:57","slug":"farma-krompasky-a-vcelarstvo-kissovcov","status":"publish","type":"product","link":"https:\/\/keturist.sk\/lokalne\/produkt\/farma-krompasky-a-vcelarstvo-kissovcov\/","title":{"rendered":"Farma Krompask\u00fd  (a V\u010del\u00e1rstvo Kissovcov)"},"content":{"rendered":"","protected":false},"excerpt":{"rendered":"","protected":false},"featured_media":1699,"template":"","meta":{"om_disable_all_campaigns":false,"_uag_custom_page_level_css":"","_monsterinsights_skip_tracking":false,"_monsterinsights_sitenote_active":false,"_monsterinsights_sitenote_note":"","_monsterinsights_sitenote_category":0,"_links_to":"","_links_to_target":""},"product_brand":[],"product_cat":[17,40,95],"product_tag":[],"class_list":{"0":"post-1703","1":"product","2":"type-product","3":"status-publish","4":"has-post-thumbnail","6":"product_cat-potraviny","7":"product_cat-med-a-zavaraniny-dzem-kompoty","8":"product_cat-sviecky","10":"first","11":"instock","12":"shipping-taxable","13":"product-type-simple"},"magazineBlocksPostFeaturedMedia":{"thumbnail":"https:\/\/keturist.sk\/lokalne\/wp-content\/uploads\/2024\/11\/farma-kromasky-a-vcelarstvo-kissovcov-150x150.jpg","medium":"https:\/\/keturist.sk\/lokalne\/wp-content\/uploads\/2024\/11\/farma-kromasky-a-vcelarstvo-kissovcov-300x113.jpg","medium_large":"https:\/\/keturist.sk\/lokalne\/wp-content\/uploads\/2024\/11\/farma-kromasky-a-vcelarstvo-kissovcov-768x288.jpg","large":"https:\/\/keturist.sk\/lokalne\/wp-content\/uploads\/2024\/11\/farma-kromasky-a-vcelarstvo-kissovcov-1024x384.jpg","1536x1536":"https:\/\/keturist.sk\/lokalne\/wp-content\/uploads\/2024\/11\/farma-kromasky-a-vcelarstvo-kissovcov-1536x576.jpg","2048x2048":"https:\/\/keturist.sk\/lokalne\/wp-content\/uploads\/2024\/11\/farma-kromasky-a-vcelarstvo-kissovcov.jpg","woocommerce_thumbnail":"https:\/\/keturist.sk\/lokalne\/wp-content\/uploads\/2024\/11\/farma-kromasky-a-vcelarstvo-kissovcov-400x400.jpg","woocommerce_single":"https:\/\/keturist.sk\/lokalne\/wp-content\/uploads\/2024\/11\/farma-kromasky-a-vcelarstvo-kissovcov-400x150.jpg","woocommerce_gallery_thumbnail":"https:\/\/keturist.sk\/lokalne\/wp-content\/uploads\/2024\/11\/farma-kromasky-a-vcelarstvo-kissovcov-100x100.jpg"},"magazineBlocksPostAuthor":{"name":"admin","avatar":"https:\/\/secure.gravatar.com\/avatar\/?s=96&d=mm&r=g"},"magazineBlocksPostCommentsNumber":false,"magazineBlocksPostExcerpt":"","magazineBlocksPostCategories":[],"magazineBlocksPostViewCount":315,"magazineBlocksPostReadTime":0,"uagb_featured_image_src":{"full":["https:\/\/keturist.sk\/lokalne\/wp-content\/uploads\/2024\/11\/farma-kromasky-a-vcelarstvo-kissovcov.jpg",2036,764,false],"thumbnail":["https:\/\/keturist.sk\/lokalne\/wp-content\/uploads\/2024\/11\/farma-kromasky-a-vcelarstvo-kissovcov-150x150.jpg",150,150,true],"medium":["https:\/\/keturist.sk\/lokalne\/wp-content\/uploads\/2024\/11\/farma-kromasky-a-vcelarstvo-kissovcov-300x113.jpg",300,113,true],"medium_large":["https:\/\/keturist.sk\/lokalne\/wp-content\/uploads\/2024\/11\/farma-kromasky-a-vcelarstvo-kissovcov-768x288.jpg",768,288,true],"large":["https:\/\/keturist.sk\/lokalne\/wp-content\/uploads\/2024\/11\/farma-kromasky-a-vcelarstvo-kissovcov-1024x384.jpg",1024,384,true],"1536x1536":["https:\/\/keturist.sk\/lokalne\/wp-content\/uploads\/2024\/11\/farma-kromasky-a-vcelarstvo-kissovcov-1536x576.jpg",1536,576,true],"2048x2048":["https:\/\/keturist.sk\/lokalne\/wp-content\/uploads\/2024\/11\/farma-kromasky-a-vcelarstvo-kissovcov.jpg",2036,764,false],"woocommerce_thumbnail":["https:\/\/keturist.sk\/lokalne\/wp-content\/uploads\/2024\/11\/farma-kromasky-a-vcelarstvo-kissovcov-400x400.jpg",400,400,true],"woocommerce_single":["https:\/\/keturist.sk\/lokalne\/wp-content\/uploads\/2024\/11\/farma-kromasky-a-vcelarstvo-kissovcov-400x150.jpg",400,150,true],"woocommerce_gallery_thumbnail":["https:\/\/keturist.sk\/lokalne\/wp-content\/uploads\/2024\/11\/farma-kromasky-a-vcelarstvo-kissovcov-100x100.jpg",100,100,true]},"uagb_author_info":{"display_name":"admin","author_link":"https:\/\/keturist.sk\/lokalne\/author\/"},"uagb_comment_info":0,"uagb_excerpt":null,"_links":{"self":[{"href":"https:\/\/keturist.sk\/lokalne\/wp-json\/wp\/v2\/product\/1703","targetHints":{"allow":["GET"]}}],"collection":[{"href":"https:\/\/keturist.sk\/lokalne\/wp-json\/wp\/v2\/product"}],"about":[{"href":"https:\/\/keturist.sk\/lokalne\/wp-json\/wp\/v2\/types\/product"}],"wp:featuredmedia":[{"embeddable":true,"href":"https:\/\/keturist.sk\/lokalne\/wp-json\/wp\/v2\/media\/1699"}],"wp:attachment":[{"href":"https:\/\/keturist.sk\/lokalne\/wp-json\/wp\/v2\/media?parent=1703"}],"wp:term":[{"taxonomy":"product_brand","embeddable":true,"href":"https:\/\/keturist.sk\/lokalne\/wp-json\/wp\/v2\/product_brand?post=1703"},{"taxonomy":"product_cat","embeddable":true,"href":"https:\/\/keturist.sk\/lokalne\/wp-json\/wp\/v2\/product_cat?post=1703"},{"taxonomy":"product_tag","embeddable":true,"href":"https:\/\/keturist.sk\/lokalne\/wp-json\/wp\/v2\/product_tag?post=1703"}],"curies":[{"name":"wp","href":"https:\/\/api.w.org\/{rel}","templated":true}]}}