{"id":239,"date":"2021-10-30T08:11:20","date_gmt":"2021-10-30T06:11:20","guid":{"rendered":"https:\/\/keturist.sk\/lokalne\/?page_id=239"},"modified":"2023-12-19T20:58:20","modified_gmt":"2023-12-19T19:58:20","slug":"vseobecne-podmienky-a-prevadzkovy-poriadok","status":"publish","type":"page","link":"https:\/\/keturist.sk\/lokalne\/vseobecne-podmienky-a-prevadzkovy-poriadok\/","title":{"rendered":"Prev\u00e1dzkov\u00fd poriadok"},"content":{"rendered":"<p><strong><span style=\"color: #808000; font-size: 20px;\">V\u0161eobecn\u00e9 podmienky a Prev\u00e1dzkov\u00fd poriadok<\/span><\/strong><\/p>\n<p>Prev\u00e1dzkovate\u013eom tejto internetovej str\u00e1nky http:\/\/keturist.sk\/shop\/ (KETURIST booking) je Ing. Be\u00e1ta Chovan\u010d\u00e1kov\u00e1, Ru\u017e\u00ednska 5, Ko\u0161ice 04011, I\u010cO: 46524070 (\u010falej len Spr\u00e1vca).<\/p>\n<p>Port\u00e1l KETURIST booking prezentuje objekty s inzertn\u00e9 ponukou slu\u017eieb ubytovanie v Slovenskej republike (\u010falej len port\u00e1l) s priamym kontaktom na ubytovate\u013ea. Sme port\u00e1l s ubytovac\u00edmi a stravovac\u00edmi zariadeniami. Port\u00e1l bez prov\u00edzi\u00ed a poplatkov sprostredkovate\u013emi a pod.).<\/p>\n<p>Zodpovednos\u0165 za obsah prezent\u00e1cie objektu na Port\u00e1li m\u00e1 majite\u013e alebo prenaj\u00edmate\u013e objektu (\u010falej len Ubytovate\u013e), ktor\u00fd n\u00e1s oslov\u00ed e-malom a po dohodnut\u00ed na\u0161\u00edch podmienok mu na Port\u00e1li registrujeme a do prezent\u00e1cie uv\u00e1dzame Ubytovate\u013eov\u00e9 kontaktn\u00e9 \u00fadaje pr\u00edstupn\u00e9 Pou\u017e\u00edvate\u013eovi pri n\u00e1v\u0161teve Port\u00e1lu.<\/p>\n<p>U\u017e\u00edvate\u013e je ka\u017ed\u00fd, kto vst\u00fapi na tento Port\u00e1l, zvy\u010dajne z\u00e1kazn\u00edk so z\u00e1ujmom o ubytovacie alebo stravovacie slu\u017eby v na\u0161om regi\u00f3ne.<\/p>\n<p>Pou\u017e\u00edvate\u013e je ka\u017ed\u00fd, kto vst\u00fapi na tento Port\u00e1l a vstupom na tento Port\u00e1l s\u00fahlas\u00ed s V\u0161eobecn\u00fdmi podmienkami a Prev\u00e1dzkov\u00fdm poriadkom Port\u00e1lu.<\/p>\n<p>Pou\u017e\u00edvate\u013e nesmie pou\u017e\u00edva\u0165 inform\u00e1cie zdie\u013ean\u00e9 na tomto Port\u00e1li pre neleg\u00e1lne \u00fa\u010dely pod\u013ea pr\u00e1vneho poriadku krajiny, kde sa u\u017e\u00edvate\u013e, popr. prezentovan\u00fd objekt, nach\u00e1dza. Ka\u017ed\u00fd U\u017e\u00edvate\u013e, ktor\u00fd na tomto Port\u00e1li vlo\u017e\u00ed dotaz, rezerv\u00e1ciu alebo koment\u00e1r sa zav\u00e4zuje, \u017ee sa v\u0161etka komunik\u00e1cia tu uveden\u00e1 t\u00fdka v\u00fdhradne ubytovanie alebo slu\u017eieb s ubytovan\u00edm s\u00favisiacich a v\u0161etka t\u00e1to komunik\u00e1cia sa vz\u0165ahuje v\u00fdhradne k dan\u00e9mu objektu ubytovate\u013ea.<\/p>\n<p>Ak ubytovate\u013e na Port\u00e1li uv\u00e1dza svoje osobn\u00e9 \u00fadaje (napr, pri rezerv\u00e1cii konkr\u00e9tneho objektu a pod.) rob\u00ed tak v\u00fdhradne a\u017e po potvrden\u00ed s\u00fahlasu so spracovan\u00edm osobn\u00fdch \u00fadajov.<\/p>\n<p>U\u017e\u00edvate\u013eovi je zak\u00e1zan\u00e9 vkladanie ak\u00e9hoko\u013evek obsahu maj\u00faceho povahu vlastn\u00fdch reklamn\u00fdch alebo marketingov\u00fdch ozn\u00e1men\u00ed do ak\u00e9hoko\u013evek formul\u00e1ra na Port\u00e1li bez predch\u00e1dzaj\u00faceho s\u00fahlasu Spr\u00e1vca.<\/p>\n<p>U\u017e\u00edvate\u013e uveden\u00edm svojho emailu vo formul\u00e1ri na Port\u00e1li s\u00fahlas\u00ed s t\u00fdm, \u017ee je Spr\u00e1vca na tento email opr\u00e1vnen\u00fd odosiela\u0165 informa\u010dn\u00e9 alebo marketingov\u00e9 ozn\u00e1menia t\u00fdkaj\u00face sa slu\u017eieb Spr\u00e1vca, maxim\u00e1lne v\u0161ak 10 x za 1 rok.<\/p>\n<p>Tento s\u00fahlas so spracovan\u00edm osobn\u00fdch \u00fadajov mo\u017eno zru\u0161i\u0165 \u017eiadost\u00ed cez email.<\/p>\n<p>Ubytovate\u013e m\u00e1 pr\u00e1vo kedyko\u013evek meni\u0165 \u00fadaje a inform\u00e1cie v prezent\u00e1cii svojho objektu a taktie\u017e m\u00e1 mo\u017enos\u0165 po\u017eiada\u0165 o preru\u0161enie alebo ukon\u010denie prezent\u00e1cie na Port\u00e1li.<\/p>\n<p>Ubytovate\u013e zodpoved\u00e1 za to, \u017ee v\u0161etky poskytnut\u00e9 \u00fadaje do prezent\u00e1cie objektu s\u00fa pravdiv\u00e9 a texty a fotografie zodpovedaj\u00fa skuto\u010dnosti.<\/p>\n<p>\u010ealej Ubytovate\u013e zodpoved\u00e1 za to, \u017ee v\u0161etky n\u00edm vkladan\u00e9 \u00fadaje a materi\u00e1ly na Port\u00e1l (texty, fotografie, www odkazy at\u010f.) s\u00fa v s\u00falade s pr\u00e1vnymi predpismi SR a neporu\u0161uj\u00fa autorsk\u00e9 ani in\u00e9 pr\u00e1va tret\u00edch os\u00f4b.<\/p>\n<p>Spr\u00e1vca nezodpoved\u00e1 za ak\u00e9ko\u013evek priame alebo nepriame \u0161kody vzniknut\u00e9 U\u017e\u00edvate\u013eovi alebo Ubytovate\u013eovi v s\u00favislosti s pou\u017e\u00edvan\u00edm tohto Port\u00e1lu ani za \u0161kody pr\u00edpadne vzniknut\u00e9 z d\u00f4vodu \u010diasto\u010dnej alebo \u00faplnej nefunk\u010dnosti Port\u00e1lu. Pou\u017e\u00edvanie tohto Port\u00e1lu je na vlastn\u00e9 riziko ka\u017ed\u00e9ho Pou\u017e\u00edvate\u013ea aj ubytovate\u013ea. Spr\u00e1vca nie je zodpovedn\u00fd za pr\u00edpadn\u00e9 \u0161kody alebo ujmy a z nich vypl\u00fdvaj\u00face n\u00e1roky tret\u00edch str\u00e1n vzniknut\u00fdch na z\u00e1klade \u00fadajov a obsahu zverejnen\u00fdch na tomto Port\u00e1li Ubytovate\u013e, popr\u00edpade v hodnoteniach (recenzia slu\u017eieb ubytovanie v danom objekte) ak\u00fdmko\u013evek U\u017e\u00edvate\u013eom Port\u00e1lu. Spr\u00e1vca si vyhradzuje pr\u00e1vo kedyko\u013evek a pod\u013ea vlastn\u00e9ho uv\u00e1\u017eenia a potrieb tieto podmienky meni\u0165. V\u0161etky pr\u00e1va s\u00fa vyhraden\u00e9 Spr\u00e1vcovi. Jednotliv\u00e9 prvky Port\u00e1lu s\u00fa chr\u00e1nen\u00e9 autorsk\u00fdm z\u00e1konom, nesmie sa teda kop\u00edrova\u0165 ani napodob\u0148ova\u0165.<\/p>\n","protected":false},"excerpt":{"rendered":"<p>V\u0161eobecn\u00e9 podmienky a Prev\u00e1dzkov\u00fd poriadok Prev\u00e1dzkovate\u013eom tejto internetovej str\u00e1nky http:\/\/keturist.sk\/shop\/ (KETURIST booking) je Ing. Be\u00e1ta Chovan\u010d\u00e1kov\u00e1, Ru\u017e\u00ednska 5, Ko\u0161ice 04011, I\u010cO: 46524070 (\u010falej len Spr\u00e1vca). Port\u00e1l KETURIST booking prezentuje objekty [&hellip;]<\/p>\n","protected":false},"author":1,"featured_media":0,"parent":0,"menu_order":0,"comment_status":"closed","ping_status":"closed","template":"","meta":{"om_disable_all_campaigns":false,"_uag_custom_page_level_css":"","_monsterinsights_skip_tracking":false,"_monsterinsights_sitenote_active":false,"_monsterinsights_sitenote_note":"","_monsterinsights_sitenote_category":0,"footnotes":"","_links_to":"","_links_to_target":""},"class_list":["post-239","page","type-page","status-publish","hentry"],"magazineBlocksPostFeaturedMedia":{"thumbnail":false,"medium":false,"medium_large":false,"large":false,"1536x1536":false,"2048x2048":false,"woocommerce_thumbnail":false,"woocommerce_single":false,"woocommerce_gallery_thumbnail":false},"magazineBlocksPostAuthor":{"name":"admin","avatar":"https:\/\/secure.gravatar.com\/avatar\/13ffa85f79d8edafa10a440d6c59ca022877b25df392bf60e21e7c95b7fcb88a?s=96&d=mm&r=g"},"magazineBlocksPostCommentsNumber":false,"magazineBlocksPostExcerpt":"V\u0161eobecn\u00e9 podmienky a Prev\u00e1dzkov\u00fd poriadok Prev\u00e1dzkovate\u013eom tejto internetovej str\u00e1nky http:\/\/keturist.sk\/shop\/ (KETURIST booking) je Ing. Be\u00e1ta Chovan\u010d\u00e1kov\u00e1, Ru\u017e\u00ednska 5, Ko\u0161ice 04011, I\u010cO: 46524070 (\u010falej len Spr\u00e1vca). Port\u00e1l KETURIST booking prezentuje objekty [&hellip;]","magazineBlocksPostCategories":[],"magazineBlocksPostViewCount":0,"magazineBlocksPostReadTime":4,"featured_image_src":"","featured_image_src_square":false,"rbea_author_info":{"display_name":"admin","author_link":"https:\/\/keturist.sk\/lokalne\/author\/admin\/"},"rbea_excerpt_info":"V\u0161eobecn\u00e9 podmienky a Prev\u00e1dzkov\u00fd poriadok Prev\u00e1dzkovate\u013eom tejto internetovej str\u00e1nky http:\/\/keturist.sk\/shop\/ (KETURIST booking) je Ing. Be\u00e1ta Chovan\u010d\u00e1kov\u00e1, Ru\u017e\u00ednska 5, Ko\u0161ice 04011, I\u010cO: 46524070 (\u010falej len Spr\u00e1vca). Port\u00e1l KETURIST booking prezentuje objekty [&hellip;]","uagb_featured_image_src":{"full":false,"thumbnail":false,"medium":false,"medium_large":false,"large":false,"1536x1536":false,"2048x2048":false,"woocommerce_thumbnail":false,"woocommerce_single":false,"woocommerce_gallery_thumbnail":false},"uagb_author_info":{"display_name":"admin","author_link":"https:\/\/keturist.sk\/lokalne\/author\/admin\/"},"uagb_comment_info":0,"uagb_excerpt":"V\u0161eobecn\u00e9 podmienky a Prev\u00e1dzkov\u00fd poriadok Prev\u00e1dzkovate\u013eom tejto internetovej str\u00e1nky http:\/\/keturist.sk\/shop\/ (KETURIST booking) je Ing. Be\u00e1ta Chovan\u010d\u00e1kov\u00e1, Ru\u017e\u00ednska 5, Ko\u0161ice 04011, I\u010cO: 46524070 (\u010falej len Spr\u00e1vca). Port\u00e1l KETURIST booking prezentuje objekty [&hellip;]","_links":{"self":[{"href":"https:\/\/keturist.sk\/lokalne\/wp-json\/wp\/v2\/pages\/239","targetHints":{"allow":["GET"]}}],"collection":[{"href":"https:\/\/keturist.sk\/lokalne\/wp-json\/wp\/v2\/pages"}],"about":[{"href":"https:\/\/keturist.sk\/lokalne\/wp-json\/wp\/v2\/types\/page"}],"author":[{"embeddable":true,"href":"https:\/\/keturist.sk\/lokalne\/wp-json\/wp\/v2\/users\/1"}],"replies":[{"embeddable":true,"href":"https:\/\/keturist.sk\/lokalne\/wp-json\/wp\/v2\/comments?post=239"}],"version-history":[{"count":3,"href":"https:\/\/keturist.sk\/lokalne\/wp-json\/wp\/v2\/pages\/239\/revisions"}],"predecessor-version":[{"id":1099,"href":"https:\/\/keturist.sk\/lokalne\/wp-json\/wp\/v2\/pages\/239\/revisions\/1099"}],"wp:attachment":[{"href":"https:\/\/keturist.sk\/lokalne\/wp-json\/wp\/v2\/media?parent=239"}],"curies":[{"name":"wp","href":"https:\/\/api.w.org\/{rel}","templated":true}]}}