{"id":237,"date":"2021-10-30T08:10:28","date_gmt":"2021-10-30T06:10:28","guid":{"rendered":"https:\/\/keturist.sk\/lokalne\/?page_id=237"},"modified":"2021-10-30T08:10:28","modified_gmt":"2021-10-30T06:10:28","slug":"suhlas-s-poskytnutim-osobnych-udajov","status":"publish","type":"page","link":"https:\/\/keturist.sk\/lokalne\/suhlas-s-poskytnutim-osobnych-udajov\/","title":{"rendered":"S\u00fahlas s poskytnut\u00edm osobn\u00fdch \u00fadajov"},"content":{"rendered":"<p>Prev\u00e1dzkovate\u013eom tejto internetovej str\u00e1nky http:\/\/keturist.sk\/lokalne\/ (Lokalne) je Ing. Be\u00e1ta Chovan\u010d\u00e1kov\u00e1, Ru\u017e\u00ednska 5, Ko\u0161ice 04011, I\u010cO: 46524070 (\u010falej len Spr\u00e1vca).<\/p>\n<p>Spr\u00e1vca si plne uvedomuje d\u00f4vernos\u0165 poskytnut\u00fdch inform\u00e1ci\u00ed, \u00fadajov a osobn\u00fdch \u00fadajov, ktor\u00e9 v r\u00e1mci inzertnej \u010dinnosti poskytuje spr\u00e1vcovi U\u017e\u00edvate\u013e aj Ubytovate\u013e.<\/p>\n<p>S\u00fahlas s poskytnut\u00edm osobn\u00fdch \u00fadajov:<\/p>\n<p>Spracovate\u013eom osobn\u00fdch \u00fadajov je Marcel Chovan\u010d\u00e1k (IT provider) , Ru\u017e\u00ednska 5, Ko\u0161ice 04011.<\/p>\n<p>S\u00fahlas bude vykonan\u00fd, ke\u010f n\u00e1s Ubytovate\u013e a poskytovate\u013e Stravovacieho zariadenia oslov\u00ed e-malom a po dohodnut\u00ed na\u0161\u00edch podmienok mu na Port\u00e1li registrujeme a do prezent\u00e1cie uv\u00e1dzame Ubytovate\u013eov\u00e9 kontaktn\u00e9 \u00fadaje pr\u00edstupn\u00e9 Pou\u017e\u00edvate\u013eovi pri n\u00e1v\u0161teve Port\u00e1lu v zmysle z\u00e1kona o ochrane osobn\u00fdch \u00fadajov a o zmene a doplnen\u00ed niektor\u00fdch z\u00e1konov 18\/2018 \u00fa\u010dinn\u00e9ho od 01.09.2019 (\u010falej tie\u017e ako &#8222;z\u00e1kon o ochrane osobn\u00fdch \u00fadajov&#8220;) a v s\u00falade s \u010dl. 6 ods. 1 p\u00eds. a) nariadenia Eur\u00f3pskeho parlamentu a Rady (E\u00da) 2016\/679 z 27. apr\u00edla 2016, o ochrane fyzick\u00fdch os\u00f4b pri spracovan\u00ed osobn\u00fdch \u00fadajov a vo\u013enom pohybe t\u00fdchto \u00fadajov ao zru\u0161en\u00ed smernice 95\/46 \/ ES (v\u0161eobecn\u00e9 nariadenie o ochrane osobn\u00fdch \u00fadajov ), ktor\u00e9 nadobudlo \u00fa\u010dinnos\u0165 25.5.2018, s\u00fahlas\u00edm so zhroma\u017e\u010fovan\u00edm, uchovan\u00edm a spracovan\u00edm mojich osobn\u00fdch \u00fadajov mnou poskytnut\u00fdch Spr\u00e1vcovi.<\/p>\n<p>Ak\u00e9 \u00fadaje bud\u00fa spracovan\u00e9<\/p>\n<p>Meno a priezvisko (Ubytovate\u013e + U\u017e\u00edvate\u013e), pr\u00edpadne obchodn\u00e9 meno vr\u00e1tane I\u010c (Ubytovate\u013e)<\/p>\n<p>E-mailov\u00e1 adresa (Ubytovate\u013e + U\u017e\u00edvate\u013e)<\/p>\n<p>Telef\u00f3nne \u010d\u00edslo (Ubytovate\u013e + U\u017e\u00edvate\u013e)<\/p>\n<p>Adresa objektu a faktura\u010dn\u00e1 adresa objektu so slu\u017ebou ubytovanie &#8211; ulica, \u010d.p. \/ \u010c.ev., mesto, PS\u010c, \u0161t\u00e1t &#8211; (Ubytovate\u013e)<\/p>\n<p>K ak\u00fdm \u00fa\u010delom bud\u00fa osobn\u00e9 \u00fadaje spracovan\u00e9 a uchovan\u00e9<\/p>\n<p>Osobn\u00e9 \u00fadaje bude Spr\u00e1vca zhroma\u017e\u010fova\u0165, uchov\u00e1va\u0165 a spracov\u00e1va\u0165 pre nasleduj\u00face \u00fa\u010dely:<\/p>\n<p>&#8211; pre zasielanie ozn\u00e1men\u00ed t\u00fdkaj\u00face sa obchodn\u00e9ho pr\u00edpadu (ponuka slu\u017eieb ubytovanie &#8211; Ubytovate\u013e, dopyt slu\u017eieb ubytovanie a ot\u00e1zky s t\u00fdm s\u00favisiace &#8211; U\u017e\u00edvate\u013e)<\/p>\n<p>&#8211; pre ozn\u00e1menia t\u00fdkaj\u00face sa spr\u00e1vy internetovej prezent\u00e1cie objektu vr\u00e1tane faktur\u00e1cie za inzertn\u00e9 slu\u017ebu (Ubytovate\u013e)<\/p>\n<p>&#8211; pre zasielanie marketingov\u00fdch ozn\u00e1menia spr\u00e1vcu (Ubytovate\u013e + U\u017e\u00edvate\u013e)<\/p>\n<p>Doba, po ktor\u00fa bud\u00fa osobn\u00e9 \u00fadaje uchovan\u00e9<\/p>\n<p>Spr\u00e1vca bude uchov\u00e1va\u0165 osobn\u00e9 \u00fadaje po dobu nevyhnutne nutn\u00fa. Najdlh\u0161ie bude spr\u00e1vca uchov\u00e1va\u0165 osobn\u00e9 \u00fadaje po dobu 10 rokov.<\/p>\n<p>Ak\u00fdm sp\u00f4sobom bud\u00fa osobn\u00e9 \u00fadaje spracovan\u00e9 a uchovan\u00e9<\/p>\n<p>Osobn\u00e9 \u00fadaje bud\u00fa spracovan\u00e9 strojovo (automatizovane) prostredn\u00edctvom po\u010d\u00edta\u010dov a po\u010d\u00edta\u010dov\u00fdch programov.<\/p>\n<p>Pr\u00e1va dotknutej osoby, inform\u00e1cie a pr\u00edstup k osobn\u00fdm \u00fadajom<\/p>\n<p>ako subjekt \u00fadajov m\u00e1m pr\u00e1vo na pr\u00edstup k mojim osobn\u00fdm \u00fadajom, m\u00e1m pr\u00e1vo na ich opravu alebo vymazanie, pr\u00edpadne obmedzenia spracovania. M\u00e1m pr\u00e1vo po\u017eadova\u0165 inform\u00e1ciu, ak\u00e9 osobn\u00e9 \u00fadaje s\u00fa spracov\u00e1van\u00e9 a m\u00e1m pr\u00e1vo po\u017eadova\u0165 vysvetlenie oh\u013eadom spracovanie osobn\u00fdch \u00fadajov. \u010ealej m\u00e1m pr\u00e1vo namieta\u0165 proti spracovaniu, ako aj pr\u00e1va na prenosnos\u0165 \u00fadajov (t.j. pr\u00e1vo z\u00edska\u0165 osobn\u00e9 \u00fadaje, ktor\u00e9 sa ma t\u00fdkaj\u00fa, ktor\u00e9 som poskytol spr\u00e1vcovi, v \u0161trukt\u00farovanom, be\u017ene pou\u017e\u00edvanom a strojovo \u010ditate\u013enom form\u00e1te, bli\u017e\u0161ie pozri \u010dl\u00e1nok. 20 GDPR). M\u00e1m pr\u00e1vo s\u00fahlas kedyko\u013evek odvola\u0165, bez toho, aby bola dotknut\u00e1 z\u00e1konnos\u0165 spracovania zalo\u017eenia na s\u00fahlase udelenom pred jeho odvolan\u00edm, ak je spracovanie zalo\u017een\u00e9 na \u010dl\u00e1nku. 6 ost. 1 p\u00edsm. a) alebo \u010dl. 9 ost. 2 p\u00edsm. a) GDPR. To znamen\u00e1, \u017ee tak\u00e9to pr\u00e1vo nem\u00e1m najm\u00e4 vtedy, ak je spracovanie nevyhnutn\u00e9 pre splnenie pr\u00e1vnej povinnosti, ktor\u00e1 sa na Spr\u00e1vca vz\u0165ahuje (najm\u00e4 povinnosti t\u00fdkaj\u00face sa LVT\u010c). Ako subjekt \u00fadajov som informovan\u00fd o tom, \u017ee s\u00fahlas s poskytnut\u00edm \u00fadajov m\u00f4\u017eem odvola\u0165 odoslan\u00edm e-mailu na adresu: info@keturist.sk. Ako subjekt \u00fadajov m\u00e1m pr\u00e1vo po\u017eiada\u0165 o inform\u00e1ciu o spracovan\u00ed mojich osobn\u00fdch \u00fadajov, pri\u010dom t\u00fato inform\u00e1ciu je spr\u00e1vca povinn\u00fd ma bez zbyto\u010dn\u00e9ho odkladu odovzda\u0165. Obsah inform\u00e1cie je dan\u00fd ustanoven\u00edm \u00a7 12 ods. 2 z\u00e1kona \u010d. 101\/2000 Zb. O ochrane osobn\u00fdch \u00fadajov, v znen\u00ed neskor\u0161\u00edch predpisov. Spr\u00e1vca m\u00e1 pr\u00e1vo za poskytnutie inform\u00e1cie po\u017eadova\u0165 primeran\u00fa \u00fahradu neprevy\u0161uj\u00facu n\u00e1klady nevyhnutn\u00e9 na poskytnutie inform\u00e1cie. Ako subjekt \u00fadajov m\u00e1m v pr\u00edpade pochybnost\u00ed o dodr\u017eiavan\u00ed povinnost\u00ed s\u00favisiacich so spracovan\u00edm osobn\u00fdch \u00fadajov pr\u00e1vo obr\u00e1ti\u0165 sa na Spr\u00e1vca alebo na \u00darad na ochranu osobn\u00fdch \u00fadajov. Spr\u00e1vca prehlasuje, \u017ee pri spracovan\u00ed nedoch\u00e1dza k automatizovan\u00e9mu rozhodovanie, vr\u00e1tane profilovanie, uveden\u00e9mu v \u010dl\u00e1nku. 22 ost. 1 a 4 GDPR. Spr\u00e1vca prehlasuje, \u017ee osobn\u00e9 \u00fadaje nie s\u00fa spracovan\u00e9 pre \u00fa\u010dely vedeck\u00e9ho \u010di historick\u00e9ho v\u00fdskumu alebo na \u0161tatistick\u00e9 \u00fa\u010dely. Spr\u00e1vca prehlasuje, \u017ee bude osobn\u00e9 \u00fadaje spracov\u00e1va\u0165 strojovo (automatizovane) prostredn\u00edctvom po\u010d\u00edta\u010dov a po\u010d\u00edta\u010dov\u00fdch programov.<\/p>\n","protected":false},"excerpt":{"rendered":"<p>Prev\u00e1dzkovate\u013eom tejto internetovej str\u00e1nky http:\/\/keturist.sk\/lokalne\/ (Lokalne) je Ing. Be\u00e1ta Chovan\u010d\u00e1kov\u00e1, Ru\u017e\u00ednska 5, Ko\u0161ice 04011, I\u010cO: 46524070 (\u010falej len Spr\u00e1vca). Spr\u00e1vca si plne uvedomuje d\u00f4vernos\u0165 poskytnut\u00fdch inform\u00e1ci\u00ed, \u00fadajov a osobn\u00fdch \u00fadajov, [&hellip;]<\/p>\n","protected":false},"author":1,"featured_media":0,"parent":0,"menu_order":0,"comment_status":"closed","ping_status":"closed","template":"","meta":{"om_disable_all_campaigns":false,"_uag_custom_page_level_css":"","_monsterinsights_skip_tracking":false,"_monsterinsights_sitenote_active":false,"_monsterinsights_sitenote_note":"","_monsterinsights_sitenote_category":0,"footnotes":"","_links_to":"","_links_to_target":""},"class_list":["post-237","page","type-page","status-publish","hentry"],"magazineBlocksPostFeaturedMedia":{"thumbnail":false,"medium":false,"medium_large":false,"large":false,"1536x1536":false,"2048x2048":false,"woocommerce_thumbnail":false,"woocommerce_single":false,"woocommerce_gallery_thumbnail":false},"magazineBlocksPostAuthor":{"name":"admin","avatar":"https:\/\/secure.gravatar.com\/avatar\/13ffa85f79d8edafa10a440d6c59ca022877b25df392bf60e21e7c95b7fcb88a?s=96&d=mm&r=g"},"magazineBlocksPostCommentsNumber":false,"magazineBlocksPostExcerpt":"Prev\u00e1dzkovate\u013eom tejto internetovej str\u00e1nky http:\/\/keturist.sk\/lokalne\/ (Lokalne) je Ing. Be\u00e1ta Chovan\u010d\u00e1kov\u00e1, Ru\u017e\u00ednska 5, Ko\u0161ice 04011, I\u010cO: 46524070 (\u010falej len Spr\u00e1vca). Spr\u00e1vca si plne uvedomuje d\u00f4vernos\u0165 poskytnut\u00fdch inform\u00e1ci\u00ed, \u00fadajov a osobn\u00fdch \u00fadajov, [&hellip;]","magazineBlocksPostCategories":[],"magazineBlocksPostViewCount":0,"magazineBlocksPostReadTime":5,"featured_image_src":"","featured_image_src_square":false,"rbea_author_info":{"display_name":"admin","author_link":"https:\/\/keturist.sk\/lokalne\/author\/admin\/"},"rbea_excerpt_info":"Prev\u00e1dzkovate\u013eom tejto internetovej str\u00e1nky http:\/\/keturist.sk\/lokalne\/ (Lokalne) je Ing. Be\u00e1ta Chovan\u010d\u00e1kov\u00e1, Ru\u017e\u00ednska 5, Ko\u0161ice 04011, I\u010cO: 46524070 (\u010falej len Spr\u00e1vca). Spr\u00e1vca si plne uvedomuje d\u00f4vernos\u0165 poskytnut\u00fdch inform\u00e1ci\u00ed, \u00fadajov a osobn\u00fdch \u00fadajov, [&hellip;]","uagb_featured_image_src":{"full":false,"thumbnail":false,"medium":false,"medium_large":false,"large":false,"1536x1536":false,"2048x2048":false,"woocommerce_thumbnail":false,"woocommerce_single":false,"woocommerce_gallery_thumbnail":false},"uagb_author_info":{"display_name":"admin","author_link":"https:\/\/keturist.sk\/lokalne\/author\/admin\/"},"uagb_comment_info":0,"uagb_excerpt":"Prev\u00e1dzkovate\u013eom tejto internetovej str\u00e1nky http:\/\/keturist.sk\/lokalne\/ (Lokalne) je Ing. Be\u00e1ta Chovan\u010d\u00e1kov\u00e1, Ru\u017e\u00ednska 5, Ko\u0161ice 04011, I\u010cO: 46524070 (\u010falej len Spr\u00e1vca). Spr\u00e1vca si plne uvedomuje d\u00f4vernos\u0165 poskytnut\u00fdch inform\u00e1ci\u00ed, \u00fadajov a osobn\u00fdch \u00fadajov, [&hellip;]","_links":{"self":[{"href":"https:\/\/keturist.sk\/lokalne\/wp-json\/wp\/v2\/pages\/237","targetHints":{"allow":["GET"]}}],"collection":[{"href":"https:\/\/keturist.sk\/lokalne\/wp-json\/wp\/v2\/pages"}],"about":[{"href":"https:\/\/keturist.sk\/lokalne\/wp-json\/wp\/v2\/types\/page"}],"author":[{"embeddable":true,"href":"https:\/\/keturist.sk\/lokalne\/wp-json\/wp\/v2\/users\/1"}],"replies":[{"embeddable":true,"href":"https:\/\/keturist.sk\/lokalne\/wp-json\/wp\/v2\/comments?post=237"}],"version-history":[{"count":1,"href":"https:\/\/keturist.sk\/lokalne\/wp-json\/wp\/v2\/pages\/237\/revisions"}],"predecessor-version":[{"id":238,"href":"https:\/\/keturist.sk\/lokalne\/wp-json\/wp\/v2\/pages\/237\/revisions\/238"}],"wp:attachment":[{"href":"https:\/\/keturist.sk\/lokalne\/wp-json\/wp\/v2\/media?parent=237"}],"curies":[{"name":"wp","href":"https:\/\/api.w.org\/{rel}","templated":true}]}}