{"id":741,"date":"2024-01-15T09:03:48","date_gmt":"2024-01-15T08:03:48","guid":{"rendered":"https:\/\/keturist.sk\/booking\/?post_type=product&#038;p=741"},"modified":"2025-11-22T16:14:21","modified_gmt":"2025-11-22T15:14:21","slug":"penzion-granarium-jablonov-nad-turnou","status":"publish","type":"product","link":"https:\/\/keturist.sk\/booking\/produkt\/penzion-granarium-jablonov-nad-turnou\/","title":{"rendered":"Penzi\u00f3n Gran\u00e1rium Jablonov nad Tur\u0148ou"},"content":{"rendered":"","protected":false},"excerpt":{"rendered":"","protected":false},"featured_media":742,"comment_status":"open","ping_status":"closed","template":"","meta":{"_uag_custom_page_level_css":"","_links_to":"","_links_to_target":""},"product_brand":[],"product_cat":[17,71,128,46,59,27],"product_tag":[],"class_list":{"0":"post-741","1":"product","2":"type-product","3":"status-publish","4":"has-post-thumbnail","6":"product_cat-stravovanie","7":"product_cat-penziony-kras","8":"product_cat-restauracie-kras","9":"product_cat-slovensky-kras","10":"product_cat-slovensky-kras-s","11":"product_cat-ubytovanie","13":"first","14":"instock","15":"shipping-taxable","16":"product-type-simple"},"magazineBlocksPostFeaturedMedia":{"thumbnail":"https:\/\/keturist.sk\/booking\/wp-content\/uploads\/2024\/01\/granarium1-400x400-1-150x150.webp","medium":"https:\/\/keturist.sk\/booking\/wp-content\/uploads\/2024\/01\/granarium1-400x400-1-300x300.webp","medium_large":"https:\/\/keturist.sk\/booking\/wp-content\/uploads\/2024\/01\/granarium1-400x400-1.webp","large":"https:\/\/keturist.sk\/booking\/wp-content\/uploads\/2024\/01\/granarium1-400x400-1.webp","1536x1536":"https:\/\/keturist.sk\/booking\/wp-content\/uploads\/2024\/01\/granarium1-400x400-1.webp","2048x2048":"https:\/\/keturist.sk\/booking\/wp-content\/uploads\/2024\/01\/granarium1-400x400-1.webp","mailpoet_newsletter_max":"https:\/\/keturist.sk\/booking\/wp-content\/uploads\/2024\/01\/granarium1-400x400-1.webp","woocommerce_thumbnail":"https:\/\/keturist.sk\/booking\/wp-content\/uploads\/2024\/01\/granarium1-400x400-1-300x300.webp","woocommerce_single":"https:\/\/keturist.sk\/booking\/wp-content\/uploads\/2024\/01\/granarium1-400x400-1.webp","woocommerce_gallery_thumbnail":"https:\/\/keturist.sk\/booking\/wp-content\/uploads\/2024\/01\/granarium1-400x400-1-100x100.webp"},"magazineBlocksPostAuthor":{"name":"admin","avatar":"https:\/\/secure.gravatar.com\/avatar\/?s=96&d=mm&r=g"},"magazineBlocksPostCommentsNumber":"0","magazineBlocksPostExcerpt":"","magazineBlocksPostCategories":[],"magazineBlocksPostViewCount":10,"magazineBlocksPostReadTime":0,"uagb_featured_image_src":{"full":["https:\/\/keturist.sk\/booking\/wp-content\/uploads\/2024\/01\/granarium1-400x400-1.webp",400,400,false],"thumbnail":["https:\/\/keturist.sk\/booking\/wp-content\/uploads\/2024\/01\/granarium1-400x400-1-150x150.webp",150,150,true],"medium":["https:\/\/keturist.sk\/booking\/wp-content\/uploads\/2024\/01\/granarium1-400x400-1-300x300.webp",300,300,true],"medium_large":["https:\/\/keturist.sk\/booking\/wp-content\/uploads\/2024\/01\/granarium1-400x400-1.webp",400,400,false],"large":["https:\/\/keturist.sk\/booking\/wp-content\/uploads\/2024\/01\/granarium1-400x400-1.webp",400,400,false],"1536x1536":["https:\/\/keturist.sk\/booking\/wp-content\/uploads\/2024\/01\/granarium1-400x400-1.webp",400,400,false],"2048x2048":["https:\/\/keturist.sk\/booking\/wp-content\/uploads\/2024\/01\/granarium1-400x400-1.webp",400,400,false],"mailpoet_newsletter_max":["https:\/\/keturist.sk\/booking\/wp-content\/uploads\/2024\/01\/granarium1-400x400-1.webp",400,400,false],"woocommerce_thumbnail":["https:\/\/keturist.sk\/booking\/wp-content\/uploads\/2024\/01\/granarium1-400x400-1-300x300.webp",300,300,true],"woocommerce_single":["https:\/\/keturist.sk\/booking\/wp-content\/uploads\/2024\/01\/granarium1-400x400-1.webp",400,400,false],"woocommerce_gallery_thumbnail":["https:\/\/keturist.sk\/booking\/wp-content\/uploads\/2024\/01\/granarium1-400x400-1-100x100.webp",100,100,true]},"uagb_author_info":{"display_name":"admin","author_link":"https:\/\/keturist.sk\/booking\/author\/"},"uagb_comment_info":0,"uagb_excerpt":null,"_links":{"self":[{"href":"https:\/\/keturist.sk\/booking\/wp-json\/wp\/v2\/product\/741","targetHints":{"allow":["GET"]}}],"collection":[{"href":"https:\/\/keturist.sk\/booking\/wp-json\/wp\/v2\/product"}],"about":[{"href":"https:\/\/keturist.sk\/booking\/wp-json\/wp\/v2\/types\/product"}],"replies":[{"embeddable":true,"href":"https:\/\/keturist.sk\/booking\/wp-json\/wp\/v2\/comments?post=741"}],"wp:featuredmedia":[{"embeddable":true,"href":"https:\/\/keturist.sk\/booking\/wp-json\/wp\/v2\/media\/742"}],"wp:attachment":[{"href":"https:\/\/keturist.sk\/booking\/wp-json\/wp\/v2\/media?parent=741"}],"wp:term":[{"taxonomy":"product_brand","embeddable":true,"href":"https:\/\/keturist.sk\/booking\/wp-json\/wp\/v2\/product_brand?post=741"},{"taxonomy":"product_cat","embeddable":true,"href":"https:\/\/keturist.sk\/booking\/wp-json\/wp\/v2\/product_cat?post=741"},{"taxonomy":"product_tag","embeddable":true,"href":"https:\/\/keturist.sk\/booking\/wp-json\/wp\/v2\/product_tag?post=741"}],"curies":[{"name":"wp","href":"https:\/\/api.w.org\/{rel}","templated":true}]}}