{"id":1331,"date":"2025-09-03T16:01:42","date_gmt":"2025-09-03T14:01:42","guid":{"rendered":"https:\/\/keturist.sk\/booking\/?post_type=product&#038;p=1331"},"modified":"2025-09-03T16:18:03","modified_gmt":"2025-09-03T14:18:03","slug":"ubytovanie-zlaty-pav","status":"publish","type":"product","link":"https:\/\/keturist.sk\/booking\/produkt\/ubytovanie-zlaty-pav\/","title":{"rendered":"Ubytovanie Zlat\u00fd p\u00e1v"},"content":{"rendered":"<div class=\"dad65929\">\n<div class=\"_4f9bf79 d7dc56a8 _43c05b5\">\n<div class=\"ds-message _656c965\">\n<div class=\"ds-markdown\">\n<h3><span style=\"color: #808000;\">Ubytovanie Zlat\u00fd p\u00e1v: V\u00e1\u0161 dokonal\u00fd \u00fato\u010dok v srdci pr\u00edrody<\/span><\/h3>\n<p class=\"ds-markdown-paragraph\"><strong>H\u013ead\u00e1te pokojn\u00fd oddych v n\u00e1dhernom prostred\u00ed Slovensk\u00e9ho krasu?<\/strong>\u00a0Ubytovanie Zlat\u00fd p\u00e1v v Drienoveck\u00fdch k\u00fape\u013eoch v\u00e1m pon\u00faka ide\u00e1lnu kombin\u00e1ciu pohodlia, pr\u00edrody a v\u00fdnimo\u010dn\u00e9ho gastronomick\u00e9ho z\u00e1\u017eitku. Objavte miesto, kde sa budete c\u00edti\u0165 ako doma.<\/p>\n<h2><span style=\"color: #800000;\">Pre\u010do si vybra\u0165 pr\u00e1ve ubytovanie Zlat\u00fd p\u00e1v?<\/span><\/h2>\n<p class=\"ds-markdown-paragraph\">Na\u0161e ubytovanie sa nach\u00e1dza v\u00a0<strong>autentickom prostred\u00ed b\u00fdval\u00fdch k\u00fape\u013eov<\/strong>\u00a0a pon\u00faka jedine\u010dn\u00fa atmosf\u00e9ru pokoja a relax\u00e1cie. Sme s\u00fa\u010das\u0165ou oddychov\u00e9ho are\u00e1lu Patria, ktor\u00fd sp\u00e1ja hist\u00f3riu s modern\u00fdm komfortom.<\/p>\n<figure id=\"attachment_1332\" aria-describedby=\"caption-attachment-1332\" style=\"width: 900px\" class=\"wp-caption aligncenter\"><a href=\"https:\/\/keturist.sk\/booking\/wp-content\/uploads\/2025\/09\/Ubytovanie-Zlaty-pav1.jpg\"><img loading=\"lazy\" decoding=\"async\" class=\"wp-image-1332\" src=\"https:\/\/keturist.sk\/booking\/wp-content\/uploads\/2025\/09\/Ubytovanie-Zlaty-pav1-300x225.jpg\" alt=\"Ubytovanie Zlat\u00fd p\u00e1v\" width=\"900\" height=\"675\" srcset=\"https:\/\/keturist.sk\/booking\/wp-content\/uploads\/2025\/09\/Ubytovanie-Zlaty-pav1-300x225.jpg 300w, https:\/\/keturist.sk\/booking\/wp-content\/uploads\/2025\/09\/Ubytovanie-Zlaty-pav1-768x576.jpg 768w, https:\/\/keturist.sk\/booking\/wp-content\/uploads\/2025\/09\/Ubytovanie-Zlaty-pav1-600x450.jpg 600w, https:\/\/keturist.sk\/booking\/wp-content\/uploads\/2025\/09\/Ubytovanie-Zlaty-pav1.jpg 1024w\" sizes=\"auto, (max-width: 900px) 100vw, 900px\" \/><\/a><figcaption id=\"caption-attachment-1332\" class=\"wp-caption-text\">Ubytovanie Zlat\u00fd p\u00e1v<\/figcaption><\/figure>\n<h2><span style=\"color: #800000;\">Trojl\u00f4\u017ekov\u00e1 izba s vlastnou k\u00fape\u013e\u0148ou<\/span><\/h2>\n<p class=\"ds-markdown-paragraph\">Pre host\u00ed m\u00e1me pripraven\u00e9 \u00fatuln\u00e9 trojl\u00f4\u017ekov\u00e9 izby s rozlohou\u00a0<strong>25 m\u00b2<\/strong>, ktor\u00e9 pon\u00fakaj\u00fa:<\/p>\n<ul>\n<li>\n<p class=\"ds-markdown-paragraph\"><strong>3 jednol\u00f4\u017ekov\u00e9 postele<\/strong>\u00a0s pohodlnou poste\u013enou bieliz\u0148ou<\/p>\n<\/li>\n<li>\n<p class=\"ds-markdown-paragraph\"><strong>Vlastn\u00fa k\u00fape\u013e\u0148u<\/strong>\u00a0so sprchovac\u00edm k\u00fatom, toaletou, uter\u00e1kmi a toaletn\u00fdm papierom<\/p>\n<\/li>\n<li>\n<p class=\"ds-markdown-paragraph\"><strong>Terasu<\/strong>\u00a0s vonkaj\u0161\u00edm jed\u00e1lnym priestorom<\/p>\n<\/li>\n<li>\n<p class=\"ds-markdown-paragraph\"><strong>TV s plochou obrazovkou<\/strong>\u00a0a k\u00e1blov\u00fdmi kan\u00e1lmi<\/p>\n<\/li>\n<li>\n<p class=\"ds-markdown-paragraph\"><strong>Chladni\u010dku<\/strong>\u00a0a\u00a0<strong>r\u00fdchlovarn\u00fa kanvicu<\/strong>\u00a0pre va\u0161u pohodln\u00fa pr\u00edpravu ob\u010derstvenia<\/p>\n<\/li>\n<li>\n<p class=\"ds-markdown-paragraph\"><strong>\u010cajov\u00fa kanvicu\/k\u00e1vovar<\/strong>\u00a0pre pr\u00edjemn\u00e9 r\u00e1na alebo relaxa\u010dn\u00e9 ve\u010dery<\/p>\n<\/li>\n<\/ul>\n<h2><span style=\"color: #800000;\">Kompletn\u00e9 vybavenie pre v\u00e1\u0161 pobyt<\/span><\/h2>\n<p class=\"ds-markdown-paragraph\">Na\u0161e izby s\u00fa vybaven\u00e9 so v\u0161etk\u00fdm, \u010do potrebujete pre pohodln\u00fd pobyt:<\/p>\n<ul>\n<li>\n<p class=\"ds-markdown-paragraph\">K\u00farenie pre pr\u00edjemn\u00e9 teplo po cel\u00fd rok<\/p>\n<\/li>\n<li>\n<p class=\"ds-markdown-paragraph\">Z\u00e1suvka pri posteli pre pohodln\u00e9 nab\u00edjanie zariaden\u00ed<\/p>\n<\/li>\n<li>\n<p class=\"ds-markdown-paragraph\">Priestor na posedenie a jed\u00e1lny st\u00f4l<\/p>\n<\/li>\n<li>\n<p class=\"ds-markdown-paragraph\">Skri\u0148a alebo \u0161atn\u00edk na uskladnenie v\u00e1\u0161ho bato\u017einy<\/p>\n<\/li>\n<li>\n<p class=\"ds-markdown-paragraph\">Sie\u0165ka proti kom\u00e1rom pre neru\u0161en\u00fd oddych<\/p>\n<\/li>\n<\/ul>\n<h2><span style=\"color: #800000;\">D\u00f4le\u017eit\u00e9 inform\u00e1cie<\/span><\/h2>\n<ul>\n<li>\n<p class=\"ds-markdown-paragraph\"><strong>Faj\u010denie nie je povolen\u00e9<\/strong>\u00a0v interi\u00e9rov\u00fdch priestoroch<\/p>\n<\/li>\n<li>\n<p class=\"ds-markdown-paragraph\">Izby s\u00fa pravidelne upratovan\u00e9 a dezinfikovan\u00e9<\/p>\n<\/li>\n<li>\n<p class=\"ds-markdown-paragraph\">Poste\u013en\u00e1 bielize\u0148 a uter\u00e1ky s\u00fa poskytovan\u00e9 v cene ubytovania<\/p>\n<\/li>\n<\/ul>\n<h2><span style=\"color: #800000;\">\u010co v\u0161etko m\u00f4\u017eete vyu\u017ei\u0165 po\u010das pobytu?<\/span><\/h2>\n<p class=\"ds-markdown-paragraph\">Ako hos\u0165 na\u0161ej ubytovne m\u00e1te pr\u00edstup k v\u0161etk\u00fdm slu\u017eb\u00e1m are\u00e1lu:<\/p>\n<ul>\n<li>\n<p class=\"ds-markdown-paragraph\"><strong>Re\u0161taur\u00e1cia Zlat\u00fd p\u00e1v<\/strong>\u00a0s v\u00fdbornou slovenskou a eur\u00f3pskou kuchy\u0148ou<\/p>\n<\/li>\n<li>\n<p class=\"ds-markdown-paragraph\"><strong>Z\u00e1hrada<\/strong>\u00a0a\u00a0<strong>terasa<\/strong>\u00a0pre pr\u00edjemn\u00e9 posedenie<\/p>\n<\/li>\n<li>\n<p class=\"ds-markdown-paragraph\"><strong>Bar<\/strong>\u00a0s v\u00fdberom n\u00e1pojov<\/p>\n<\/li>\n<li>\n<p class=\"ds-markdown-paragraph\"><strong>Wellness centrum<\/strong>\u00a0s baz\u00e9nom, v\u00edrivkou a saunou<\/p>\n<\/li>\n<li>\n<p class=\"ds-markdown-paragraph\"><strong>Detsk\u00e9 ihrisko<\/strong>\u00a0a priestory pre relax\u00e1ciu<\/p>\n<\/li>\n<\/ul>\n<h2><span style=\"color: #800000;\">Okolie a pr\u00edrodn\u00e9 kr\u00e1sy<\/span><\/h2>\n<p class=\"ds-markdown-paragraph\">Ubytovanie Zlat\u00fd p\u00e1v sa nach\u00e1dza v\u00a0<strong>srdci N\u00e1rodn\u00e9ho parku Slovensk\u00fd kras<\/strong>, \u010do v\u00e1m pon\u00faka:<\/p>\n<ul>\n<li>\n<p class=\"ds-markdown-paragraph\">Priamy v\u00fdstup na turistick\u00e9 trasy<\/p>\n<\/li>\n<li>\n<p class=\"ds-markdown-paragraph\">Pr\u00edstup k vyviera\u010dk\u00e1m Miglinc a Ladislavov\u00e1 vyviera\u010dka<\/p>\n<\/li>\n<li>\n<p class=\"ds-markdown-paragraph\">Mo\u017enos\u0165 n\u00e1v\u0161tevy Drienovskej jaskyne<\/p>\n<\/li>\n<li>\n<p class=\"ds-markdown-paragraph\">Objavovanie unik\u00e1tnych lesostepn\u00fdch spolo\u010denstiev Palanta<\/p>\n<\/li>\n<\/ul>\n<h2><span style=\"color: #800000;\">Rezerv\u00e1cia a kontakt<\/span><\/h2>\n<p class=\"ds-markdown-paragraph\"><strong>Te\u0161\u00edme sa na va\u0161u n\u00e1v\u0161tevu!<\/strong>\u00a0Rezervujte si svoj pobyt e\u0161te dnes a za\u017eite nezabudnute\u013en\u00fd oddych v pr\u00edrode.<\/p>\n<ul>\n<li>\n<p class=\"ds-markdown-paragraph\"><strong>Adresa:<\/strong>\u00a0Drienoveck\u00e9 k\u00fapele 519, Drienovec, Slovakia<\/p>\n<\/li>\n<li>\n<p class=\"ds-markdown-paragraph\"><strong>Telef\u00f3n:<\/strong>\u00a0+421 918 421 546<\/p>\n<\/li>\n<li>\n<p class=\"ds-markdown-paragraph\"><strong>Facebook:<\/strong>\u00a0<a href=\"https:\/\/www.facebook.com\/Re%25C5%25A1taur%25C3%25A1cia-Zlat%25C3%25BD-p%25C3%25A1v-100063623421260\/\" target=\"_blank\" rel=\"noopener noreferrer nofollow\">Re\u0161taur\u00e1cia Zlat\u00fd p\u00e1v<\/a><\/p>\n<\/li>\n<li>\n<p class=\"ds-markdown-paragraph\"><strong>Booking:<\/strong>\u00a0<a href=\"v\" target=\"_blank\" rel=\"noopener noreferrer\">Re\u0161taur\u00e1cia Zlat\u00fd p\u00e1v<\/a><\/p>\n<\/li>\n<\/ul>\n<p class=\"ds-markdown-paragraph\">U\u017eite si dokonal\u00fd oddych v na\u0161om ubytovan\u00ed, kde sa hist\u00f3ria stret\u00e1va s modern\u00fdm komfortom v srdci n\u00e1dhernej pr\u00edrody Slovensk\u00e9ho krasu!<\/p>\n<hr \/>\n<h2><span style=\"color: #800000;\">Fotogal\u00e9ria<\/span><\/h2>\n<style type=\"text\/css\">\n#foogallery-gallery-1334 .fg-image { width: 900px; }<\/style>\n\t\t\t<div class=\"foogallery foogallery-container foogallery-image-viewer foogallery-link-image foogallery-lightbox-foogallery fg-center fg-image-viewer fg-ready fg-light fg-border-thin fg-shadow-outline fg-loading-default fg-loaded-fade-in fg-caption-hover fg-hover-fade fg-hover-zoom\" id=\"foogallery-gallery-1334\" data-foogallery=\"{&quot;item&quot;:{&quot;showCaptionTitle&quot;:true,&quot;showCaptionDescription&quot;:true},&quot;lazy&quot;:true,&quot;template&quot;:{&quot;loop&quot;:true}}\" data-foogallery-lightbox=\"{&quot;thumbs&quot;:&quot;bottom&quot;,&quot;thumbsCaptions&quot;:false,&quot;thumbsBestFit&quot;:false,&quot;thumbsSmall&quot;:false,&quot;thumbsCaptionsAlign&quot;:&quot;default&quot;,&quot;info&quot;:&quot;bottom&quot;,&quot;infoVisible&quot;:true,&quot;infoOverlay&quot;:true,&quot;infoAlign&quot;:&quot;default&quot;,&quot;transition&quot;:&quot;fade&quot;,&quot;hoverButtons&quot;:false,&quot;fitMedia&quot;:false,&quot;noScrollbars&quot;:true,&quot;preserveButtonSpace&quot;:true,&quot;buttons&quot;:{&quot;fullscreen&quot;:true,&quot;info&quot;:true,&quot;thumbs&quot;:false},&quot;video&quot;:{&quot;autoPlay&quot;:true}}\" >\n\t<div class=\"fiv-inner\">\n\t\t<div class=\"fiv-inner-container\">\n\t\t\t<div class=\"fg-item fg-type-image fg-idle\"><figure class=\"fg-item-inner\"><a href=\"https:\/\/keturist.sk\/booking\/wp-content\/uploads\/2025\/09\/Ubytovanie-Zlaty-pav1.jpg\" data-caption-title=\"Ubytovanie Zlat\u00fd p\u00e1v\" data-caption-desc=\"Ubytovanie Zlat\u00fd p\u00e1v\" data-attachment-id=\"1332\" data-type=\"image\" class=\"fg-thumb\"><span class=\"fg-image-wrap\"><img fetchpriority=\"high\" decoding=\"async\" alt=\"Ubytovanie Zlat\u00fd p\u00e1v\" title=\"Ubytovanie Zlat\u00fd p\u00e1v\" width=\"900\" height=\"675\" class=\"skip-lazy fg-image\" data-src-fg=\"https:\/\/keturist.sk\/booking\/wp-content\/uploads\/cache\/2025\/09\/Ubytovanie-Zlaty-pav1\/2517256346.jpg\" src=\"data:image\/svg+xml,%3Csvg%20xmlns%3D%22http%3A%2F%2Fwww.w3.org%2F2000%2Fsvg%22%20width%3D%22900%22%20height%3D%22675%22%20viewBox%3D%220%200%20900%20675%22%3E%3C%2Fsvg%3E\" loading=\"eager\"><\/span><span class=\"fg-image-overlay\"><\/span><\/a><figcaption class=\"fg-caption\"><div class=\"fg-caption-inner\"><div class=\"fg-caption-title\">Ubytovanie Zlat\u00fd p\u00e1v<\/div><div class=\"fg-caption-desc\">Ubytovanie Zlat\u00fd p\u00e1v<\/div><\/div><\/figcaption><\/figure><div class=\"fg-loader\"><\/div><\/div><div class=\"fg-item fg-type-image fg-idle\"><figure class=\"fg-item-inner\"><a href=\"https:\/\/keturist.sk\/booking\/wp-content\/uploads\/2025\/09\/Ubytovanie-Zlaty-pav2.jpg\" data-caption-title=\"Ubytovanie Zlat\u00fd p\u00e1v\" data-caption-desc=\"Ubytovanie Zlat\u00fd p\u00e1v\" data-attachment-id=\"1335\" data-type=\"image\" class=\"fg-thumb\"><span class=\"fg-image-wrap\"><img decoding=\"async\" title=\"Ubytovanie Zlat\u00fd p\u00e1v\" width=\"900\" height=\"675\" class=\"skip-lazy fg-image\" data-src-fg=\"https:\/\/keturist.sk\/booking\/wp-content\/uploads\/cache\/2025\/09\/Ubytovanie-Zlaty-pav2\/3396043813.jpg\" src=\"data:image\/svg+xml,%3Csvg%20xmlns%3D%22http%3A%2F%2Fwww.w3.org%2F2000%2Fsvg%22%20width%3D%22900%22%20height%3D%22675%22%20viewBox%3D%220%200%20900%20675%22%3E%3C%2Fsvg%3E\" loading=\"eager\"><\/span><span class=\"fg-image-overlay\"><\/span><\/a><figcaption class=\"fg-caption\"><div class=\"fg-caption-inner\"><div class=\"fg-caption-title\">Ubytovanie Zlat\u00fd p\u00e1v<\/div><div class=\"fg-caption-desc\">Ubytovanie Zlat\u00fd p\u00e1v<\/div><\/div><\/figcaption><\/figure><div class=\"fg-loader\"><\/div><\/div><div class=\"fg-item fg-type-image fg-idle\"><figure class=\"fg-item-inner\"><a href=\"https:\/\/keturist.sk\/booking\/wp-content\/uploads\/2025\/09\/Ubytovanie-Zlaty-pav3.jpg\" data-caption-title=\"Ubytovanie Zlat\u00fd p\u00e1v\" data-caption-desc=\"Ubytovanie Zlat\u00fd p\u00e1v\" data-attachment-id=\"1336\" data-type=\"image\" class=\"fg-thumb\"><span class=\"fg-image-wrap\"><img decoding=\"async\" alt=\"Ubytovanie Zlat\u00fd p\u00e1v\" title=\"Ubytovanie Zlat\u00fd p\u00e1v\" width=\"900\" height=\"675\" class=\"skip-lazy fg-image\" data-src-fg=\"https:\/\/keturist.sk\/booking\/wp-content\/uploads\/cache\/2025\/09\/Ubytovanie-Zlaty-pav3\/3041668826.jpg\" src=\"data:image\/svg+xml,%3Csvg%20xmlns%3D%22http%3A%2F%2Fwww.w3.org%2F2000%2Fsvg%22%20width%3D%22900%22%20height%3D%22675%22%20viewBox%3D%220%200%20900%20675%22%3E%3C%2Fsvg%3E\" loading=\"eager\"><\/span><span class=\"fg-image-overlay\"><\/span><\/a><figcaption class=\"fg-caption\"><div class=\"fg-caption-inner\"><div class=\"fg-caption-title\">Ubytovanie Zlat\u00fd p\u00e1v<\/div><div class=\"fg-caption-desc\">Ubytovanie Zlat\u00fd p\u00e1v<\/div><\/div><\/figcaption><\/figure><div class=\"fg-loader\"><\/div><\/div><div class=\"fg-item fg-type-image fg-idle\"><figure class=\"fg-item-inner\"><a href=\"https:\/\/keturist.sk\/booking\/wp-content\/uploads\/2025\/09\/Ubytovanie-Zlaty-pav4.jpg\" data-caption-title=\"Ubytovanie Zlat\u00fd p\u00e1v\" data-caption-desc=\"Ubytovanie Zlat\u00fd p\u00e1v\" data-attachment-id=\"1337\" data-type=\"image\" class=\"fg-thumb\"><span class=\"fg-image-wrap\"><img decoding=\"async\" alt=\"Ubytovanie Zlat\u00fd p\u00e1v\" title=\"Ubytovanie Zlat\u00fd p\u00e1v\" width=\"900\" height=\"675\" class=\"skip-lazy fg-image\" data-src-fg=\"https:\/\/keturist.sk\/booking\/wp-content\/uploads\/cache\/2025\/09\/Ubytovanie-Zlaty-pav4\/3507338780.jpg\" src=\"data:image\/svg+xml,%3Csvg%20xmlns%3D%22http%3A%2F%2Fwww.w3.org%2F2000%2Fsvg%22%20width%3D%22900%22%20height%3D%22675%22%20viewBox%3D%220%200%20900%20675%22%3E%3C%2Fsvg%3E\" loading=\"eager\"><\/span><span class=\"fg-image-overlay\"><\/span><\/a><figcaption class=\"fg-caption\"><div class=\"fg-caption-inner\"><div class=\"fg-caption-title\">Ubytovanie Zlat\u00fd p\u00e1v<\/div><div class=\"fg-caption-desc\">Ubytovanie Zlat\u00fd p\u00e1v<\/div><\/div><\/figcaption><\/figure><div class=\"fg-loader\"><\/div><\/div>\t\t<\/div>\n\t\t<div class=\"fiv-ctrls\">\n\t\t\t<div class=\"fiv-prev\"><span>Prev<\/span><\/div>\n\t\t\t<label class=\"fiv-count\"><span class=\"fiv-count-current\">1<\/span>of<span class=\"fiv-count-total\">4<\/span><\/label>\n\t\t\t<div class=\"fiv-next\"><span>Next<\/span><\/div>\n\t\t<\/div>\n\t<\/div>\n<\/div>\n<\/div>\n<\/div>\n<div class=\"ds-theme\">\n<\/div>\n<div class=\"ds-flex _0a3d93b\">\n<div class=\"ds-flex _965abe9 _54866f7\">\n<div class=\"_17e543b db183363\" tabindex=\"-1\" role=\"button\" aria-disabled=\"false\">\n<div class=\"ds-icon\"><\/div>\n<\/div>\n<div class=\"_17e543b db183363\" tabindex=\"-1\" role=\"button\" aria-disabled=\"false\">\n<div class=\"ds-icon\"><\/div>\n<\/div>\n<div class=\"_17e543b db183363\" tabindex=\"-1\" role=\"button\" aria-disabled=\"false\">\n<div class=\"ds-icon\"><\/div>\n<\/div>\n<div class=\"_17e543b db183363\" tabindex=\"-1\" role=\"button\" aria-disabled=\"false\">\n<div class=\"ds-icon\"><\/div>\n<\/div>\n<\/div>\n<div><\/div>\n<\/div>\n<\/div>\n<\/div>\n<div class=\"_88681e8\">\n<div class=\"ds-icon\"><\/div>\n<\/div>\n","protected":false},"excerpt":{"rendered":"<p>Ubytovanie Zlat\u00fd p\u00e1v: V\u00e1\u0161 dokonal\u00fd \u00fato\u010dok v srdci pr\u00edrody H\u013ead\u00e1te pokojn\u00fd oddych v n\u00e1dhernom prostred\u00ed Slovensk\u00e9ho krasu?\u00a0Ubytovanie Zlat\u00fd p\u00e1v v Drienoveck\u00fdch k\u00fape\u013eoch v\u00e1m pon\u00faka ide\u00e1lnu kombin\u00e1ciu pohodlia, pr\u00edrody a v\u00fdnimo\u010dn\u00e9ho [&hellip;]<\/p>\n","protected":false},"featured_media":1332,"comment_status":"open","ping_status":"closed","template":"","meta":{"_uag_custom_page_level_css":"","_links_to":"","_links_to_target":""},"product_brand":[],"product_cat":[68,46,27],"product_tag":[],"class_list":{"0":"post-1331","1":"product","2":"type-product","3":"status-publish","4":"has-post-thumbnail","6":"product_cat-chaty-chalupy-kurie","7":"product_cat-slovensky-kras","8":"product_cat-ubytovanie","10":"first","11":"instock","12":"shipping-taxable","13":"product-type-simple"},"magazineBlocksPostFeaturedMedia":{"thumbnail":"https:\/\/keturist.sk\/booking\/wp-content\/uploads\/2025\/09\/Ubytovanie-Zlaty-pav1-150x150.jpg","medium":"https:\/\/keturist.sk\/booking\/wp-content\/uploads\/2025\/09\/Ubytovanie-Zlaty-pav1-300x225.jpg","medium_large":"https:\/\/keturist.sk\/booking\/wp-content\/uploads\/2025\/09\/Ubytovanie-Zlaty-pav1-768x576.jpg","large":"https:\/\/keturist.sk\/booking\/wp-content\/uploads\/2025\/09\/Ubytovanie-Zlaty-pav1.jpg","1536x1536":"https:\/\/keturist.sk\/booking\/wp-content\/uploads\/2025\/09\/Ubytovanie-Zlaty-pav1.jpg","2048x2048":"https:\/\/keturist.sk\/booking\/wp-content\/uploads\/2025\/09\/Ubytovanie-Zlaty-pav1.jpg","mailpoet_newsletter_max":"https:\/\/keturist.sk\/booking\/wp-content\/uploads\/2025\/09\/Ubytovanie-Zlaty-pav1.jpg","woocommerce_thumbnail":"https:\/\/keturist.sk\/booking\/wp-content\/uploads\/2025\/09\/Ubytovanie-Zlaty-pav1-300x300.jpg","woocommerce_single":"https:\/\/keturist.sk\/booking\/wp-content\/uploads\/2025\/09\/Ubytovanie-Zlaty-pav1-600x450.jpg","woocommerce_gallery_thumbnail":"https:\/\/keturist.sk\/booking\/wp-content\/uploads\/2025\/09\/Ubytovanie-Zlaty-pav1-100x100.jpg"},"magazineBlocksPostAuthor":{"name":"admin","avatar":"https:\/\/secure.gravatar.com\/avatar\/?s=96&d=mm&r=g"},"magazineBlocksPostCommentsNumber":"0","magazineBlocksPostExcerpt":"Ubytovanie Zlat\u00fd p\u00e1v: V\u00e1\u0161 dokonal\u00fd \u00fato\u010dok v srdci pr\u00edrody H\u013ead\u00e1te pokojn\u00fd oddych v n\u00e1dhernom prostred\u00ed Slovensk\u00e9ho krasu?\u00a0Ubytovanie Zlat\u00fd p\u00e1v v Drienoveck\u00fdch k\u00fape\u013eoch v\u00e1m pon\u00faka ide\u00e1lnu kombin\u00e1ciu pohodlia, pr\u00edrody a v\u00fdnimo\u010dn\u00e9ho [&hellip;]","magazineBlocksPostCategories":[],"magazineBlocksPostViewCount":34,"magazineBlocksPostReadTime":3,"uagb_featured_image_src":{"full":["https:\/\/keturist.sk\/booking\/wp-content\/uploads\/2025\/09\/Ubytovanie-Zlaty-pav1.jpg",1024,768,false],"thumbnail":["https:\/\/keturist.sk\/booking\/wp-content\/uploads\/2025\/09\/Ubytovanie-Zlaty-pav1-150x150.jpg",150,150,true],"medium":["https:\/\/keturist.sk\/booking\/wp-content\/uploads\/2025\/09\/Ubytovanie-Zlaty-pav1-300x225.jpg",300,225,true],"medium_large":["https:\/\/keturist.sk\/booking\/wp-content\/uploads\/2025\/09\/Ubytovanie-Zlaty-pav1-768x576.jpg",768,576,true],"large":["https:\/\/keturist.sk\/booking\/wp-content\/uploads\/2025\/09\/Ubytovanie-Zlaty-pav1.jpg",1024,768,false],"1536x1536":["https:\/\/keturist.sk\/booking\/wp-content\/uploads\/2025\/09\/Ubytovanie-Zlaty-pav1.jpg",1024,768,false],"2048x2048":["https:\/\/keturist.sk\/booking\/wp-content\/uploads\/2025\/09\/Ubytovanie-Zlaty-pav1.jpg",1024,768,false],"mailpoet_newsletter_max":["https:\/\/keturist.sk\/booking\/wp-content\/uploads\/2025\/09\/Ubytovanie-Zlaty-pav1.jpg",1024,768,false],"woocommerce_thumbnail":["https:\/\/keturist.sk\/booking\/wp-content\/uploads\/2025\/09\/Ubytovanie-Zlaty-pav1-300x300.jpg",300,300,true],"woocommerce_single":["https:\/\/keturist.sk\/booking\/wp-content\/uploads\/2025\/09\/Ubytovanie-Zlaty-pav1-600x450.jpg",600,450,true],"woocommerce_gallery_thumbnail":["https:\/\/keturist.sk\/booking\/wp-content\/uploads\/2025\/09\/Ubytovanie-Zlaty-pav1-100x100.jpg",100,100,true]},"uagb_author_info":{"display_name":"admin","author_link":"https:\/\/keturist.sk\/booking\/author\/"},"uagb_comment_info":0,"uagb_excerpt":"Ubytovanie Zlat\u00fd p\u00e1v: V\u00e1\u0161 dokonal\u00fd \u00fato\u010dok v srdci pr\u00edrody H\u013ead\u00e1te pokojn\u00fd oddych v n\u00e1dhernom prostred\u00ed Slovensk\u00e9ho krasu?\u00a0Ubytovanie Zlat\u00fd p\u00e1v v Drienoveck\u00fdch k\u00fape\u013eoch v\u00e1m pon\u00faka ide\u00e1lnu kombin\u00e1ciu pohodlia, pr\u00edrody a v\u00fdnimo\u010dn\u00e9ho [&hellip;]","_links":{"self":[{"href":"https:\/\/keturist.sk\/booking\/wp-json\/wp\/v2\/product\/1331","targetHints":{"allow":["GET"]}}],"collection":[{"href":"https:\/\/keturist.sk\/booking\/wp-json\/wp\/v2\/product"}],"about":[{"href":"https:\/\/keturist.sk\/booking\/wp-json\/wp\/v2\/types\/product"}],"replies":[{"embeddable":true,"href":"https:\/\/keturist.sk\/booking\/wp-json\/wp\/v2\/comments?post=1331"}],"wp:featuredmedia":[{"embeddable":true,"href":"https:\/\/keturist.sk\/booking\/wp-json\/wp\/v2\/media\/1332"}],"wp:attachment":[{"href":"https:\/\/keturist.sk\/booking\/wp-json\/wp\/v2\/media?parent=1331"}],"wp:term":[{"taxonomy":"product_brand","embeddable":true,"href":"https:\/\/keturist.sk\/booking\/wp-json\/wp\/v2\/product_brand?post=1331"},{"taxonomy":"product_cat","embeddable":true,"href":"https:\/\/keturist.sk\/booking\/wp-json\/wp\/v2\/product_cat?post=1331"},{"taxonomy":"product_tag","embeddable":true,"href":"https:\/\/keturist.sk\/booking\/wp-json\/wp\/v2\/product_tag?post=1331"}],"curies":[{"name":"wp","href":"https:\/\/api.w.org\/{rel}","templated":true}]}}